{"id":102,"date":"2017-06-20T14:45:16","date_gmt":"2017-06-20T12:45:16","guid":{"rendered":"http:\/\/ayuntamientodeubeda.com\/fondosfeder\/?page_id=102"},"modified":"2022-04-21T13:39:08","modified_gmt":"2022-04-21T11:39:08","slug":"contacto","status":"publish","type":"page","link":"http:\/\/ayuntamientodeubeda.com\/fondosfeder\/contacto\/","title":{"rendered":"Contacto"},"content":{"rendered":"<p>[et_pb_section fb_built=\u00bb1&#8243; admin_label=\u00bbsection\u00bb _builder_version=\u00bb3.0.47&#8243;][et_pb_row admin_label=\u00bbrow\u00bb _builder_version=\u00bb3.0.48&#8243; background_size=\u00bbinitial\u00bb background_position=\u00bbtop_left\u00bb background_repeat=\u00bbrepeat\u00bb][et_pb_column type=\u00bb4_4&#8243; _builder_version=\u00bb3.0.47&#8243;][et_pb_blurb title=\u00bbContacto\u00bb admin_label=\u00bbAnuncio\u00bb _builder_version=\u00bb3.0.87&#8243; header_text_color=\u00bb#e0645e\u00bb header_font_size=\u00bb65&#8243; background_size=\u00bbinitial\u00bb background_position=\u00bbtop_left\u00bb background_repeat=\u00bbrepeat\u00bb text_orientation=\u00bbright\u00bb use_border_color=\u00bboff\u00bb border_color=\u00bb#ffffff\u00bb border_style=\u00bbsolid\u00bb] [\/et_pb_blurb][et_pb_toggle title=\u00bbAyuntamiento de \u00dabeda\u00bb open=\u00bbon\u00bb admin_label=\u00bbConmutador\u00bb _builder_version=\u00bb3.19.15&#8243; background_size=\u00bbinitial\u00bb background_position=\u00bbtop_left\u00bb background_repeat=\u00bbrepeat\u00bb use_border_color=\u00bboff\u00bb border_color=\u00bb#ffffff\u00bb border_style=\u00bbsolid\u00bb saved_tabs=\u00bball\u00bb]<\/p>\n<div class=\"mod\" data-md=\"1002\" data-hveid=\"169\" data-ved=\"0ahUKEwin89Wi_c7UAhWCLhoKHTXmDrUQkCkIqQEoAjAQ\">\n<div class=\"_eFb\">\n<div class=\"_mr kno-fb-ctx\" data-dtype=\"d3adr\" data-ved=\"0ahUKEwin89Wi_c7UAhWCLhoKHTXmDrUQghwIqgEoADAQ\"><span class=\"_xdb\">Direcci\u00f3n: Plaza V\u00e1zquez de Molina s\/n \u00dabeda<\/span><span class=\"_Xbe\">, Ja\u00e9n<\/span><\/div>\n<\/div>\n<\/div>\n<div class=\"mod\" data-md=\"1006\" data-hveid=\"171\" data-ved=\"0ahUKEwin89Wi_c7UAhWCLhoKHTXmDrUQkCkIqwEoAzAR\">\n<div class=\"_eFb\">\n<div class=\"_mr kno-fb-ctx\" data-dtype=\"d3ph\" data-ved=\"0ahUKEwin89Wi_c7UAhWCLhoKHTXmDrUQ8I0BCKwBKAAwEQ\"><span class=\"_Xbe kno-fv\"><span class=\"_RCm\">Tel\u00e9fono: \u00a0<\/span><a class=\"fl r-iWRfPqJtIrwk\" title=\"Llamar a trav\u00e9s de Hangouts\" data-number=\"+34953740150\" data-pstn-out-call-url=\"\" data-rtid=\"iWRfPqJtIrwk\" data-ved=\"0ahUKEwin89Wi_c7UAhWCLhoKHTXmDrUQkAgIrQEoADAR\">953 75 04 40<\/a><\/span><\/div>\n<div class=\"_mr kno-fb-ctx\" data-dtype=\"d3ph\" data-ved=\"0ahUKEwin89Wi_c7UAhWCLhoKHTXmDrUQ8I0BCKwBKAAwEQ\">web: <a href=\"http:\/\/www.ubeda.es\u00e7\">www.ubeda.es<\/a><\/div>\n<div class=\"_mr kno-fb-ctx\" data-dtype=\"d3ph\" data-ved=\"0ahUKEwin89Wi_c7UAhWCLhoKHTXmDrUQ8I0BCKwBKAAwEQ\">correo electr\u00f3nico: federubedabaeza@ayuntamientodeubeda.com<\/div>\n<\/div>\n<\/div>\n<p>[\/et_pb_toggle][et_pb_toggle title=\u00bbAyuntamiento de Baeza\u00bb open=\u00bbon\u00bb admin_label=\u00bbConmutador\u00bb _builder_version=\u00bb3.0.87&#8243; background_size=\u00bbinitial\u00bb background_position=\u00bbtop_left\u00bb background_repeat=\u00bbrepeat\u00bb use_border_color=\u00bboff\u00bb border_color=\u00bb#ffffff\u00bb border_style=\u00bbsolid\u00bb saved_tabs=\u00bball\u00bb]<\/p>\n<div class=\"mod\" data-md=\"1002\" data-hveid=\"169\" data-ved=\"0ahUKEwin89Wi_c7UAhWCLhoKHTXmDrUQkCkIqQEoAjAQ\">\n<div class=\"_eFb\">\n<div class=\"_mr kno-fb-ctx\" data-dtype=\"d3adr\" data-ved=\"0ahUKEwin89Wi_c7UAhWCLhoKHTXmDrUQghwIqgEoADAQ\">\n<div class=\"mod\" data-md=\"1002\" data-hveid=\"169\" data-ved=\"0ahUKEwin89Wi_c7UAhWCLhoKHTXmDrUQkCkIqQEoAjAQ\">\n<div class=\"_eFb\">\n<div class=\"_mr kno-fb-ctx\" data-dtype=\"d3adr\" data-ved=\"0ahUKEwin89Wi_c7UAhWCLhoKHTXmDrUQghwIqgEoADAQ\"><span class=\"_xdb\">Direcci\u00f3n: <\/span><span class=\"_Xbe\">Pje. Cardenal Benavides, 10, 23440 Baeza, Ja\u00e9n<\/span><\/div>\n<\/div>\n<\/div>\n<div class=\"mod\" data-md=\"1006\" data-hveid=\"171\" data-ved=\"0ahUKEwin89Wi_c7UAhWCLhoKHTXmDrUQkCkIqwEoAzAR\">\n<div class=\"_eFb\">\n<div class=\"_mr kno-fb-ctx\" data-dtype=\"d3ph\" data-ved=\"0ahUKEwin89Wi_c7UAhWCLhoKHTXmDrUQ8I0BCKwBKAAwEQ\"><span class=\"_Xbe kno-fv\"><span class=\"_RCm\">Tel\u00e9fono: \u00a0<\/span><a class=\"fl r-iWRfPqJtIrwk\" title=\"Llamar a trav\u00e9s de Hangouts\" data-number=\"+34953740150\" data-pstn-out-call-url=\"\" data-rtid=\"iWRfPqJtIrwk\" data-ved=\"0ahUKEwin89Wi_c7UAhWCLhoKHTXmDrUQkAgIrQEoADAR\">953 74 01 50<\/a><\/span><\/div>\n<div class=\"_mr kno-fb-ctx\" data-dtype=\"d3ph\" data-ved=\"0ahUKEwin89Wi_c7UAhWCLhoKHTXmDrUQ8I0BCKwBKAAwEQ\">web: www.baeza.es<\/div>\n<\/div>\n<\/div>\n<\/div>\n<\/div>\n<\/div>\n<p>[\/et_pb_toggle][et_pb_contact_form captcha=\u00bboff\u00bb email=\u00bboficinatecnicaedusi@ubeda.es\u00bb title=\u00bbPreg\u00fantanos\u00bb admin_label=\u00bbFormulario de contacto\u00bb _builder_version=\u00bb3.19.15&#8243; title_text_color=\u00bb#e0645e\u00bb border_radii=\u00bbon|0px|0px|0px|0px\u00bb use_border_color=\u00bboff\u00bb border_color=\u00bb#ffffff\u00bb border_style=\u00bbsolid\u00bb input_border_radius=\u00bb0&#8243; button_letter_spacing_hover=\u00bb0&#8243;][et_pb_contact_field field_id=\u00bbName\u00bb field_title=\u00bbNombre\u00bb _builder_version=\u00bb3.16&#8243; form_field_font=\u00bb||||\u00bb border_radii=\u00bbon||||\u00bb use_border_color=\u00bboff\u00bb border_style=\u00bbsolid\u00bb button_text_size__hover_enabled=\u00bboff\u00bb button_one_text_size__hover_enabled=\u00bboff\u00bb button_two_text_size__hover_enabled=\u00bboff\u00bb button_text_color__hover_enabled=\u00bboff\u00bb button_one_text_color__hover_enabled=\u00bboff\u00bb button_two_text_color__hover_enabled=\u00bboff\u00bb button_border_width__hover_enabled=\u00bboff\u00bb button_one_border_width__hover_enabled=\u00bboff\u00bb button_two_border_width__hover_enabled=\u00bboff\u00bb button_border_color__hover_enabled=\u00bboff\u00bb button_one_border_color__hover_enabled=\u00bboff\u00bb button_two_border_color__hover_enabled=\u00bboff\u00bb button_border_radius__hover_enabled=\u00bboff\u00bb button_one_border_radius__hover_enabled=\u00bboff\u00bb button_two_border_radius__hover_enabled=\u00bboff\u00bb button_letter_spacing__hover_enabled=\u00bboff\u00bb button_one_letter_spacing__hover_enabled=\u00bboff\u00bb button_two_letter_spacing__hover_enabled=\u00bboff\u00bb button_bg_color__hover_enabled=\u00bboff\u00bb button_one_bg_color__hover_enabled=\u00bboff\u00bb button_two_bg_color__hover_enabled=\u00bboff\u00bb] [\/et_pb_contact_field][et_pb_contact_field field_id=\u00bbEmail\u00bb field_title=\u00bbDirecci\u00f3n de correo electr\u00f3nico\u00bb field_type=\u00bbemail\u00bb _builder_version=\u00bb3.16&#8243; border_radii=\u00bbon||||\u00bb button_text_size__hover_enabled=\u00bboff\u00bb button_one_text_size__hover_enabled=\u00bboff\u00bb button_two_text_size__hover_enabled=\u00bboff\u00bb button_text_color__hover_enabled=\u00bboff\u00bb button_one_text_color__hover_enabled=\u00bboff\u00bb button_two_text_color__hover_enabled=\u00bboff\u00bb button_border_width__hover_enabled=\u00bboff\u00bb button_one_border_width__hover_enabled=\u00bboff\u00bb button_two_border_width__hover_enabled=\u00bboff\u00bb button_border_color__hover_enabled=\u00bboff\u00bb button_one_border_color__hover_enabled=\u00bboff\u00bb button_two_border_color__hover_enabled=\u00bboff\u00bb button_border_radius__hover_enabled=\u00bboff\u00bb button_one_border_radius__hover_enabled=\u00bboff\u00bb button_two_border_radius__hover_enabled=\u00bboff\u00bb button_letter_spacing__hover_enabled=\u00bboff\u00bb button_one_letter_spacing__hover_enabled=\u00bboff\u00bb button_two_letter_spacing__hover_enabled=\u00bboff\u00bb button_bg_color__hover_enabled=\u00bboff\u00bb button_one_bg_color__hover_enabled=\u00bboff\u00bb button_two_bg_color__hover_enabled=\u00bboff\u00bb] [\/et_pb_contact_field][et_pb_contact_field field_id=\u00bbMessage\u00bb field_title=\u00bbMensaje\u00bb field_type=\u00bbtext\u00bb _builder_version=\u00bb3.16&#8243; border_radii=\u00bbon||||\u00bb button_text_size__hover_enabled=\u00bboff\u00bb button_one_text_size__hover_enabled=\u00bboff\u00bb button_two_text_size__hover_enabled=\u00bboff\u00bb button_text_color__hover_enabled=\u00bboff\u00bb button_one_text_color__hover_enabled=\u00bboff\u00bb button_two_text_color__hover_enabled=\u00bboff\u00bb button_border_width__hover_enabled=\u00bboff\u00bb button_one_border_width__hover_enabled=\u00bboff\u00bb button_two_border_width__hover_enabled=\u00bboff\u00bb button_border_color__hover_enabled=\u00bboff\u00bb button_one_border_color__hover_enabled=\u00bboff\u00bb button_two_border_color__hover_enabled=\u00bboff\u00bb button_border_radius__hover_enabled=\u00bboff\u00bb button_one_border_radius__hover_enabled=\u00bboff\u00bb button_two_border_radius__hover_enabled=\u00bboff\u00bb button_letter_spacing__hover_enabled=\u00bboff\u00bb button_one_letter_spacing__hover_enabled=\u00bboff\u00bb button_two_letter_spacing__hover_enabled=\u00bboff\u00bb button_bg_color__hover_enabled=\u00bboff\u00bb button_one_bg_color__hover_enabled=\u00bboff\u00bb button_two_bg_color__hover_enabled=\u00bboff\u00bb] [\/et_pb_contact_field][\/et_pb_contact_form][\/et_pb_column][\/et_pb_row][\/et_pb_section][et_pb_section fb_built=\u00bb1&#8243; custom_padding_last_edited=\u00bbon|desktop\u00bb admin_label=\u00bbsection\u00bb _builder_version=\u00bb3.0.74&#8243; custom_padding_tablet=\u00bb50px|0|50px|0&#8243; transparent_background=\u00bboff\u00bb padding_mobile=\u00bboff\u00bb global_module=\u00bb163&#8243;][et_pb_row admin_label=\u00bbrow\u00bb _builder_version=\u00bb3.0.48&#8243; background_size=\u00bbinitial\u00bb background_position=\u00bbtop_left\u00bb background_repeat=\u00bbrepeat\u00bb][et_pb_column type=\u00bb1_3&#8243; _builder_version=\u00bb3.0.47&#8243;][et_pb_image src=\u00bbhttp:\/\/ayuntamientodeubeda.com\/fondosfeder\/wp-content\/uploads\/2017\/06\/UE.png\u00bb url=\u00bbhttps:\/\/europa.eu\/european-union\/index_es\u00bb url_new_window=\u00bbon\u00bb align=\u00bbcenter\u00bb admin_label=\u00bbImagen\u00bb _builder_version=\u00bb3.0.87&#8243; animation_style=\u00bbfade\u00bb animation_duration=\u00bb500ms\u00bb use_border_color=\u00bboff\u00bb border_color=\u00bb#ffffff\u00bb border_style=\u00bbsolid\u00bb animation=\u00bbfade_in\u00bb sticky=\u00bboff\u00bb][\/et_pb_image][\/et_pb_column][et_pb_column type=\u00bb1_3&#8243; _builder_version=\u00bb3.0.47&#8243;][et_pb_image src=\u00bbhttp:\/\/ayuntamientodeubeda.com\/fondosfeder\/wp-content\/uploads\/2017\/06\/FONDO-EUROPEO-Una-manera.png\u00bb url=\u00bbhttp:\/\/ec.europa.eu\/regional_policy\/es\/funding\/erdf\/\u00bb align=\u00bbcenter\u00bb admin_label=\u00bbImagen\u00bb _builder_version=\u00bb3.0.87&#8243; animation_style=\u00bbslide\u00bb animation_direction=\u00bbleft\u00bb animation_duration=\u00bb500ms\u00bb animation_intensity_slide=\u00bb10%\u00bb use_border_color=\u00bboff\u00bb border_color=\u00bb#ffffff\u00bb border_style=\u00bbsolid\u00bb animation=\u00bbleft\u00bb sticky=\u00bboff\u00bb][\/et_pb_image][\/et_pb_column][et_pb_column type=\u00bb1_3&#8243; _builder_version=\u00bb3.0.47&#8243;][et_pb_image src=\u00bbhttp:\/\/ayuntamientodeubeda.com\/fondosfeder\/wp-content\/uploads\/2017\/06\/1-logo-minHFP-e1493286896290.png\u00bb url=\u00bbhttp:\/\/ec.europa.eu\/regional_policy\/es\/funding\/erdf\/\u00bb admin_label=\u00bbImagen\u00bb _builder_version=\u00bb3.0.87&#8243; animation_style=\u00bbslide\u00bb animation_direction=\u00bbleft\u00bb animation_duration=\u00bb500ms\u00bb animation_intensity_slide=\u00bb10%\u00bb use_border_color=\u00bboff\u00bb border_color=\u00bb#ffffff\u00bb border_style=\u00bbsolid\u00bb animation=\u00bbleft\u00bb sticky=\u00bboff\u00bb][\/et_pb_image][\/et_pb_column][\/et_pb_row][\/et_pb_section]<\/p>\n ","protected":false},"excerpt":{"rendered":"<p>Direcci\u00f3n: Plaza V\u00e1zquez de Molina s\/n \u00dabeda, Ja\u00e9n Tel\u00e9fono: \u00a0953 75 04 40 web: www.ubeda.es correo electr\u00f3nico: federubedabaeza@ayuntamientodeubeda.com Direcci\u00f3n: Pje. Cardenal Benavides, 10, 23440 Baeza, Ja\u00e9n Tel\u00e9fono: \u00a0953 74 01 50 web: www.baeza.es<\/p>\n","protected":false},"author":1,"featured_media":0,"parent":0,"menu_order":0,"comment_status":"closed","ping_status":"closed","template":"","meta":{"_et_pb_use_builder":"on","_et_pb_old_content":"","_et_gb_content_width":"","footnotes":""},"class_list":["post-102","page","type-page","status-publish","hentry"],"_links":{"self":[{"href":"http:\/\/ayuntamientodeubeda.com\/fondosfeder\/wp-json\/wp\/v2\/pages\/102"}],"collection":[{"href":"http:\/\/ayuntamientodeubeda.com\/fondosfeder\/wp-json\/wp\/v2\/pages"}],"about":[{"href":"http:\/\/ayuntamientodeubeda.com\/fondosfeder\/wp-json\/wp\/v2\/types\/page"}],"author":[{"embeddable":true,"href":"http:\/\/ayuntamientodeubeda.com\/fondosfeder\/wp-json\/wp\/v2\/users\/1"}],"replies":[{"embeddable":true,"href":"http:\/\/ayuntamientodeubeda.com\/fondosfeder\/wp-json\/wp\/v2\/comments?post=102"}],"version-history":[{"count":13,"href":"http:\/\/ayuntamientodeubeda.com\/fondosfeder\/wp-json\/wp\/v2\/pages\/102\/revisions"}],"predecessor-version":[{"id":1105,"href":"http:\/\/ayuntamientodeubeda.com\/fondosfeder\/wp-json\/wp\/v2\/pages\/102\/revisions\/1105"}],"wp:attachment":[{"href":"http:\/\/ayuntamientodeubeda.com\/fondosfeder\/wp-json\/wp\/v2\/media?parent=102"}],"curies":[{"name":"wp","href":"https:\/\/api.w.org\/{rel}","templated":true}]}}