{"id":270,"date":"2018-03-01T12:05:45","date_gmt":"2018-03-01T10:05:45","guid":{"rendered":"http:\/\/ayuntamientodeubeda.com\/fondosfeder\/?page_id=270"},"modified":"2019-10-28T14:01:15","modified_gmt":"2019-10-28T13:01:15","slug":"expresiones-de-interes","status":"publish","type":"page","link":"http:\/\/ayuntamientodeubeda.com\/fondosfeder\/expresiones-de-interes\/","title":{"rendered":"Expresiones de Inter\u00e9s"},"content":{"rendered":"<p>[et_pb_section fb_built=\u00bb1&#8243; admin_label=\u00bbsection\u00bb _builder_version=\u00bb3.0.47&#8243;][et_pb_row _builder_version=\u00bb3.19.15&#8243;][et_pb_column type=\u00bb4_4&#8243; _builder_version=\u00bb3.19.15&#8243;][et_pb_text _builder_version=\u00bb3.19.15&#8243;]<\/p>\n<h1 style=\"text-align: center;\">Expresiones de inter\u00e9s por \u00c1reas<\/h1>\n<p>[\/et_pb_text][\/et_pb_column][\/et_pb_row][et_pb_row _builder_version=\u00bb3.19.15&#8243;][et_pb_column type=\u00bb4_4&#8243; _builder_version=\u00bb3.19.15&#8243;][et_pb_button button_url=\u00bbhttp:\/\/ayuntamientodeubeda.com\/fondosfeder\/wp-content\/uploads\/2019\/10\/Listado-de-expresiones-de-inter\u00e9s1.pdf\u00bb button_text=\u00bbListado de expresiones de inter\u00e9s\u00bb button_alignment=\u00bbcenter\u00bb _builder_version=\u00bb3.19.15&#8243; custom_button=\u00bbon\u00bb button_text_color=\u00bb#0c71c3&#8243; button_font=\u00bb||||||||\u00bb][\/et_pb_button][\/et_pb_column][\/et_pb_row][\/et_pb_section][et_pb_section fb_built=\u00bb1&#8243; admin_label=\u00bbsection\u00bb _builder_version=\u00bb3.0.47&#8243;][et_pb_row admin_label=\u00bbrow\u00bb _builder_version=\u00bb3.19.15&#8243; background_size=\u00bbinitial\u00bb background_position=\u00bbtop_left\u00bb background_repeat=\u00bbrepeat\u00bb][et_pb_column type=\u00bb1_3&#8243; _builder_version=\u00bb3.19.15&#8243;][et_pb_text _builder_version=\u00bb3.19.15&#8243;]<\/p>\n<h1>Inform\u00e1tica<\/h1>\n<p>[\/et_pb_text][et_pb_button button_url=\u00bbhttp:\/\/ayuntamientodeubeda.com\/fondosfeder\/wp-content\/uploads\/2019\/09\/OP.1.1.-Administraci\u00f3n-electr\u00f3nica_UB.pdf\u00bb button_text=\u00bbOP.1.1&#8243; button_alignment=\u00bbleft\u00bb _builder_version=\u00bb3.19.15&#8243; custom_button=\u00bbon\u00bb button_text_color=\u00bb#0c71c3&#8243; button_font=\u00bb||||||||\u00bb][\/et_pb_button][et_pb_button button_url=\u00bbhttp:\/\/ayuntamientodeubeda.com\/fondosfeder\/wp-content\/uploads\/2019\/09\/OP.1.1.-Administraci\u00f3n-electr\u00f3nica_UB.pdf\u00bb button_text=\u00bbOP.1.1&#8243; button_alignment=\u00bbleft\u00bb _builder_version=\u00bb3.19.15&#8243; custom_button=\u00bbon\u00bb button_text_color=\u00bb#0c71c3&#8243; button_font=\u00bb||||||||\u00bb][\/et_pb_button][et_pb_button button_url=\u00bbhttp:\/\/ayuntamientodeubeda.com\/fondosfeder\/wp-content\/uploads\/2019\/09\/OP.1.2.-WIFI-Abierto-en-edificios-y-esp.pdf\u00bb button_text=\u00bbOP.1.2&#8243; button_alignment=\u00bbleft\u00bb _builder_version=\u00bb3.19.15&#8243; custom_button=\u00bbon\u00bb button_text_color=\u00bb#0c71c3&#8243; button_font=\u00bb||||||||\u00bb][\/et_pb_button][et_pb_button button_url=\u00bbhttp:\/\/ayuntamientodeubeda.com\/fondosfeder\/wp-content\/uploads\/2019\/09\/OP.1.3.-Administraci\u00f3n-Electr\u00f3nica_BZ.pdf\u00bb button_text=\u00bbOP.1.3&#8243; button_alignment=\u00bbleft\u00bb _builder_version=\u00bb3.19.15&#8243; custom_button=\u00bbon\u00bb button_text_color=\u00bb#0c71c3&#8243; button_font=\u00bb||||||||\u00bb][\/et_pb_button][et_pb_button button_url=\u00bbhttp:\/\/ayuntamientodeubeda.com\/fondosfeder\/wp-content\/uploads\/2019\/09\/OP.2.1.-Ayuntamiento-Inteligente_UB.pdf\u00bb button_text=\u00bbOP.2.1&#8243; button_alignment=\u00bbleft\u00bb _builder_version=\u00bb3.19.15&#8243; custom_button=\u00bbon\u00bb button_text_color=\u00bb#0c71c3&#8243; button_font=\u00bb||||||||\u00bb][\/et_pb_button][et_pb_button button_url=\u00bbhttp:\/\/ayuntamientodeubeda.com\/fondosfeder\/wp-content\/uploads\/2019\/09\/OP.2.2.-\u00dabeda-Ciudad-Inteligente_UB.pdf\u00bb button_text=\u00bbOP.2.2&#8243; button_alignment=\u00bbleft\u00bb _builder_version=\u00bb3.19.15&#8243; custom_button=\u00bbon\u00bb button_text_color=\u00bb#0c71c3&#8243; button_font=\u00bb||||||||\u00bb][\/et_pb_button][et_pb_button button_url=\u00bbhttp:\/\/ayuntamientodeubeda.com\/fondosfeder\/wp-content\/uploads\/2019\/09\/OP.2.3.-Baeza-Ciudad-Inteligente_BZ.pdf\u00bb button_text=\u00bbOP.2.3&#8243; button_alignment=\u00bbleft\u00bb _builder_version=\u00bb3.19.15&#8243; custom_button=\u00bbon\u00bb button_text_color=\u00bb#0c71c3&#8243; button_font=\u00bb||||||||\u00bb][\/et_pb_button][et_pb_button button_url=\u00bbhttp:\/\/ayuntamientodeubeda.com\/fondosfeder\/wp-content\/uploads\/2019\/09\/OP.2.4.-Ayuntamiento-Inteligente_BZ_201.pdf\u00bb button_text=\u00bbOP.2.4&#8243; button_alignment=\u00bbleft\u00bb _builder_version=\u00bb3.19.15&#8243; custom_button=\u00bbon\u00bb button_text_color=\u00bb#0c71c3&#8243; button_font=\u00bb||||||||\u00bb][\/et_pb_button][\/et_pb_column][et_pb_column type=\u00bb1_3&#8243; _builder_version=\u00bb3.19.15&#8243;][et_pb_text _builder_version=\u00bb3.19.15&#8243;]<\/p>\n<h1>Urbanismo<\/h1>\n<p>[\/et_pb_text][et_pb_button button_url=\u00bbhttp:\/\/ayuntamientodeubeda.com\/fondosfeder\/wp-content\/uploads\/2019\/09\/OP.3.1.-Creaci\u00f3n-de-recorridos-e-itinerar.pdf\u00bb button_text=\u00bbOP.3.1&#8243; button_alignment=\u00bbleft\u00bb _builder_version=\u00bb3.19.15&#8243; custom_button=\u00bbon\u00bb button_text_color=\u00bb#0c71c3&#8243; button_font=\u00bb||||||||\u00bb][\/et_pb_button][et_pb_button button_url=\u00bbhttp:\/\/ayuntamientodeubeda.com\/fondosfeder\/wp-content\/uploads\/2019\/09\/OP.3.2.-Acondicionamiento-del-carril-bici.pdf\u00bb button_text=\u00bbOP.3.2&#8243; button_alignment=\u00bbleft\u00bb _builder_version=\u00bb3.19.15&#8243; custom_button=\u00bbon\u00bb button_text_color=\u00bb#0c71c3&#8243; button_font=\u00bb||||||||\u00bb][\/et_pb_button][et_pb_button button_url=\u00bbhttp:\/\/ayuntamientodeubeda.com\/fondosfeder\/wp-content\/uploads\/2019\/09\/OP.5.1-Rehabilitaci\u00f3n-energ\u00e9tica-del-Hosp.pdf\u00bb button_text=\u00bbOP.5.1&#8243; button_alignment=\u00bbleft\u00bb _builder_version=\u00bb3.19.15&#8243; custom_button=\u00bbon\u00bb button_text_color=\u00bb#0c71c3&#8243; button_font=\u00bb||||||||\u00bb][\/et_pb_button][et_pb_button button_url=\u00bbhttp:\/\/ayuntamientodeubeda.com\/fondosfeder\/wp-content\/uploads\/2019\/09\/OP.5.2.-Rehabilitaci\u00f3n-energ\u00e9tica-de-edif.pdf\u00bb button_text=\u00bbOP.5.2&#8243; button_alignment=\u00bbleft\u00bb _builder_version=\u00bb3.19.15&#8243; custom_button=\u00bbon\u00bb button_text_color=\u00bb#0c71c3&#8243; button_font=\u00bb||||||||\u00bb][\/et_pb_button][et_pb_button button_url=\u00bbhttp:\/\/ayuntamientodeubeda.com\/fondosfeder\/wp-content\/uploads\/2019\/09\/OP.6.1.-Regeneraci\u00f3n-ambiental-y-urbana-d.pdf\u00bb button_text=\u00bbOP.6.1&#8243; button_alignment=\u00bbleft\u00bb _builder_version=\u00bb3.19.15&#8243; custom_button=\u00bbon\u00bb button_text_color=\u00bb#0c71c3&#8243; button_font=\u00bb||||||||\u00bb][\/et_pb_button][et_pb_button button_url=\u00bbhttp:\/\/ayuntamientodeubeda.com\/fondosfeder\/wp-content\/uploads\/2019\/09\/OP.6.2.-Regeneraci\u00f3n-ambiental-y-patrimon.pdf\u00bb button_text=\u00bbOP.6.2&#8243; button_alignment=\u00bbleft\u00bb _builder_version=\u00bb3.19.15&#8243; custom_button=\u00bbon\u00bb button_text_color=\u00bb#0c71c3&#8243; button_font=\u00bb||||||||\u00bb][\/et_pb_button][et_pb_button button_url=\u00bbhttp:\/\/ayuntamientodeubeda.com\/fondosfeder\/wp-content\/uploads\/2019\/09\/OP.6.3.-Adecuaci\u00f3n-de-recorridos-hist\u00f3ric.pdf\u00bb button_text=\u00bbOP.6.3&#8243; button_alignment=\u00bbleft\u00bb _builder_version=\u00bb3.19.15&#8243; custom_button=\u00bbon\u00bb button_text_color=\u00bb#0c71c3&#8243; button_font=\u00bb||||||||\u00bb][\/et_pb_button][et_pb_button button_url=\u00bbhttp:\/\/ayuntamientodeubeda.com\/fondosfeder\/wp-content\/uploads\/2019\/09\/OP.7.1.-Reactivaci\u00f3n-puesta-en-valor-y-d.pdf\u00bb button_text=\u00bbOP.7.1&#8243; button_alignment=\u00bbleft\u00bb _builder_version=\u00bb3.19.15&#8243; custom_button=\u00bbon\u00bb button_text_color=\u00bb#0c71c3&#8243; button_font=\u00bb||||||||\u00bb][\/et_pb_button][et_pb_button button_url=\u00bbhttp:\/\/ayuntamientodeubeda.com\/fondosfeder\/wp-content\/uploads\/2019\/09\/OP.7.2.-Camino-de-San-Antonio_BZ.pdf\u00bb button_text=\u00bbOP.7.2&#8243; button_alignment=\u00bbleft\u00bb _builder_version=\u00bb3.19.15&#8243; custom_button=\u00bbon\u00bb button_text_color=\u00bb#0c71c3&#8243; button_font=\u00bb||||||||\u00bb][\/et_pb_button][et_pb_button button_url=\u00bbhttp:\/\/ayuntamientodeubeda.com\/fondosfeder\/wp-content\/uploads\/2019\/09\/OP.8.1.-Urban-Eras-del-Alc\u00e1zar_UB_2019.pdf\u00bb button_text=\u00bbOP.8.1&#8243; button_alignment=\u00bbleft\u00bb _builder_version=\u00bb3.19.15&#8243; custom_button=\u00bbon\u00bb button_text_color=\u00bb#0c71c3&#8243; button_font=\u00bb||||||||\u00bb][\/et_pb_button][et_pb_button button_url=\u00bbhttp:\/\/ayuntamientodeubeda.com\/fondosfeder\/wp-content\/uploads\/2019\/09\/OP.8.2.-Urban-Eras-del-Alc\u00e1zar_Sabina_UB.pdf\u00bb button_text=\u00bbOP.8.2&#8243; button_alignment=\u00bbleft\u00bb _builder_version=\u00bb3.19.15&#8243; custom_button=\u00bbon\u00bb button_text_color=\u00bb#0c71c3&#8243; button_font=\u00bb||||||||\u00bb][\/et_pb_button][et_pb_button button_url=\u00bbhttp:\/\/ayuntamientodeubeda.com\/fondosfeder\/wp-content\/uploads\/2019\/09\/OP.8.3.-URBAN-Casas-Consistoriales_BZ.pdf\u00bb button_text=\u00bbOP.8.3&#8243; button_alignment=\u00bbleft\u00bb _builder_version=\u00bb3.19.15&#8243; custom_button=\u00bbon\u00bb button_text_color=\u00bb#0c71c3&#8243; button_font=\u00bb||||||||\u00bb][\/et_pb_button][et_pb_button button_url=\u00bbhttp:\/\/ayuntamientodeubeda.com\/fondosfeder\/wp-content\/uploads\/2019\/09\/OP.8.4.-URBAN-Obispo-Cobos_UB.pdf\u00bb button_text=\u00bbOP.8.4&#8243; button_alignment=\u00bbleft\u00bb _builder_version=\u00bb3.19.15&#8243; custom_button=\u00bbon\u00bb button_text_color=\u00bb#0c71c3&#8243; button_font=\u00bb||||||||\u00bb][\/et_pb_button][\/et_pb_column][et_pb_column type=\u00bb1_3&#8243; _builder_version=\u00bb3.19.15&#8243;][et_pb_text _builder_version=\u00bb3.19.15&#8243;]<\/p>\n<h1>Unidad de Gesti\u00f3n<\/h1>\n<p>[\/et_pb_text][et_pb_button button_url=\u00bbhttp:\/\/ayuntamientodeubeda.com\/fondosfeder\/wp-content\/uploads\/2019\/09\/OP.9.1-Asistencia-T\u00e9cnica-para-el.pdf\u00bb url_new_window=\u00bbon\u00bb button_text=\u00bbOP.9.1&#8243; button_alignment=\u00bbleft\u00bb _builder_version=\u00bb3.19.15&#8243; custom_button=\u00bbon\u00bb button_text_color=\u00bb#0c71c3&#8243; button_font=\u00bb||||||||\u00bb][\/et_pb_button][et_pb_button button_url=\u00bbhttp:\/\/ayuntamientodeubeda.com\/fondosfeder\/wp-content\/uploads\/2019\/09\/OP.10.1-Coordinaci\u00f3n-evaluaci\u00f3n-.pdf\u00bb button_text=\u00bbOP.10.1&#8243; button_alignment=\u00bbleft\u00bb _builder_version=\u00bb3.19.15&#8243; custom_button=\u00bbon\u00bb button_text_color=\u00bb#0c71c3&#8243; button_font=\u00bb||||||||\u00bb][\/et_pb_button][\/et_pb_column][\/et_pb_row][\/et_pb_section][et_pb_section fb_built=\u00bb1&#8243; custom_padding_last_edited=\u00bbon|desktop\u00bb admin_label=\u00bbsection\u00bb _builder_version=\u00bb3.0.74&#8243; custom_padding_tablet=\u00bb50px|0|50px|0&#8243; transparent_background=\u00bboff\u00bb padding_mobile=\u00bboff\u00bb global_module=\u00bb163&#8243;][et_pb_row admin_label=\u00bbrow\u00bb _builder_version=\u00bb3.0.48&#8243; background_size=\u00bbinitial\u00bb background_position=\u00bbtop_left\u00bb background_repeat=\u00bbrepeat\u00bb][et_pb_column type=\u00bb1_3&#8243; _builder_version=\u00bb3.0.47&#8243;][et_pb_image src=\u00bbhttp:\/\/ayuntamientodeubeda.com\/fondosfeder\/wp-content\/uploads\/2017\/06\/UE.png\u00bb url=\u00bbhttps:\/\/europa.eu\/european-union\/index_es\u00bb url_new_window=\u00bbon\u00bb align=\u00bbcenter\u00bb admin_label=\u00bbImagen\u00bb _builder_version=\u00bb3.0.87&#8243; animation_style=\u00bbfade\u00bb animation_duration=\u00bb500ms\u00bb use_border_color=\u00bboff\u00bb border_color=\u00bb#ffffff\u00bb border_style=\u00bbsolid\u00bb animation=\u00bbfade_in\u00bb sticky=\u00bboff\u00bb][\/et_pb_image][\/et_pb_column][et_pb_column type=\u00bb1_3&#8243; _builder_version=\u00bb3.0.47&#8243;][et_pb_image src=\u00bbhttp:\/\/ayuntamientodeubeda.com\/fondosfeder\/wp-content\/uploads\/2017\/06\/FONDO-EUROPEO-Una-manera.png\u00bb url=\u00bbhttp:\/\/ec.europa.eu\/regional_policy\/es\/funding\/erdf\/\u00bb align=\u00bbcenter\u00bb admin_label=\u00bbImagen\u00bb _builder_version=\u00bb3.0.87&#8243; animation_style=\u00bbslide\u00bb animation_direction=\u00bbleft\u00bb animation_duration=\u00bb500ms\u00bb animation_intensity_slide=\u00bb10%\u00bb use_border_color=\u00bboff\u00bb border_color=\u00bb#ffffff\u00bb border_style=\u00bbsolid\u00bb animation=\u00bbleft\u00bb sticky=\u00bboff\u00bb][\/et_pb_image][\/et_pb_column][et_pb_column type=\u00bb1_3&#8243; _builder_version=\u00bb3.0.47&#8243;][et_pb_image src=\u00bbhttp:\/\/ayuntamientodeubeda.com\/fondosfeder\/wp-content\/uploads\/2017\/06\/1-logo-minHFP-e1493286896290.png\u00bb url=\u00bbhttp:\/\/ec.europa.eu\/regional_policy\/es\/funding\/erdf\/\u00bb admin_label=\u00bbImagen\u00bb _builder_version=\u00bb3.0.87&#8243; animation_style=\u00bbslide\u00bb animation_direction=\u00bbleft\u00bb animation_duration=\u00bb500ms\u00bb animation_intensity_slide=\u00bb10%\u00bb use_border_color=\u00bboff\u00bb border_color=\u00bb#ffffff\u00bb border_style=\u00bbsolid\u00bb animation=\u00bbleft\u00bb sticky=\u00bboff\u00bb][\/et_pb_image][\/et_pb_column][\/et_pb_row][\/et_pb_section]<\/p>\n ","protected":false},"excerpt":{"rendered":"<p>Expresiones de inter\u00e9s por \u00c1reasInform\u00e1ticaUrbanismoUnidad de Gesti\u00f3n<\/p>\n","protected":false},"author":1,"featured_media":0,"parent":0,"menu_order":0,"comment_status":"closed","ping_status":"closed","template":"","meta":{"_et_pb_use_builder":"on","_et_pb_old_content":"","_et_gb_content_width":"","footnotes":""},"class_list":["post-270","page","type-page","status-publish","hentry"],"_links":{"self":[{"href":"http:\/\/ayuntamientodeubeda.com\/fondosfeder\/wp-json\/wp\/v2\/pages\/270"}],"collection":[{"href":"http:\/\/ayuntamientodeubeda.com\/fondosfeder\/wp-json\/wp\/v2\/pages"}],"about":[{"href":"http:\/\/ayuntamientodeubeda.com\/fondosfeder\/wp-json\/wp\/v2\/types\/page"}],"author":[{"embeddable":true,"href":"http:\/\/ayuntamientodeubeda.com\/fondosfeder\/wp-json\/wp\/v2\/users\/1"}],"replies":[{"embeddable":true,"href":"http:\/\/ayuntamientodeubeda.com\/fondosfeder\/wp-json\/wp\/v2\/comments?post=270"}],"version-history":[{"count":8,"href":"http:\/\/ayuntamientodeubeda.com\/fondosfeder\/wp-json\/wp\/v2\/pages\/270\/revisions"}],"predecessor-version":[{"id":690,"href":"http:\/\/ayuntamientodeubeda.com\/fondosfeder\/wp-json\/wp\/v2\/pages\/270\/revisions\/690"}],"wp:attachment":[{"href":"http:\/\/ayuntamientodeubeda.com\/fondosfeder\/wp-json\/wp\/v2\/media?parent=270"}],"curies":[{"name":"wp","href":"https:\/\/api.w.org\/{rel}","templated":true}]}}