{"id":545,"date":"2019-09-17T10:40:05","date_gmt":"2019-09-17T08:40:05","guid":{"rendered":"http:\/\/ayuntamientodeubeda.com\/fondosfeder\/?page_id=545"},"modified":"2019-09-23T10:12:16","modified_gmt":"2019-09-23T08:12:16","slug":"programacion","status":"publish","type":"page","link":"http:\/\/ayuntamientodeubeda.com\/fondosfeder\/programacion\/","title":{"rendered":"Programaci\u00f3n"},"content":{"rendered":"<p>[et_pb_section fb_built=\u00bb1&#8243; _builder_version=\u00bb3.19.15&#8243;][et_pb_row _builder_version=\u00bb3.19.15&#8243;][et_pb_column type=\u00bb4_4&#8243; _builder_version=\u00bb3.19.15&#8243;][et_pb_text _builder_version=\u00bb3.19.15&#8243;]<\/p>\n<ol>\n<li style=\"text-align: justify;\"><strong><u> PROGRAMACI\u00d3N<\/u><\/strong><\/li>\n<\/ol>\n<p style=\"text-align: justify;\"><strong><em>1.1 Conoce tu EDUSI<\/em><\/strong><\/p>\n<p style=\"text-align: justify;\">&#8211; Estrategias DUSI \u00bfQu\u00e9 es una EDUSI?<\/p>\n<p style=\"text-align: justify;\">La Estrategia de Desarrollo Urbano Sostenible e Integrado (EDUSI) es documento de planificaci\u00f3n urbana estrat\u00e9gica que persigue definir un modelo de ciudad compartido entre la administraci\u00f3n, los agentes sociales y econ\u00f3micos y la ciudadan\u00eda.<\/p>\n<p style=\"text-align: justify;\">El objetivo fundamental de estas estrategias es mejorar la calidad de vida en las ciudades de una forma integrada que va desde la mejora de la cohesi\u00f3n social y la lucha contra la pobreza hasta el fomento de la eficiencia energ\u00e9tica y las energ\u00edas renovables, la protecci\u00f3n y puesta en valor de los recursos culturales y naturales o la mejora del acceso a los servicios municipales a trav\u00e9s del impulso de la administraci\u00f3n electr\u00f3nica.<\/p>\n<p style=\"text-align: justify;\"><a href=\"http:\/\/ayuntamientodeubeda.com\/fondosfeder\/manual-de-procedimientos\/\"><strong><em>1.2 Manual de Procedimientos<\/em><\/strong><\/a><\/p>\n<p style=\"text-align: justify;\"><strong><em>1.3 OT y L\u00edneas de Actuaci\u00f3n<\/em><\/strong><\/p>\n<p>[\/et_pb_text][\/et_pb_column][\/et_pb_row][et_pb_row _builder_version=\u00bb3.19.15&#8243;][et_pb_column type=\u00bb4_4&#8243; _builder_version=\u00bb3.19.15&#8243;][et_pb_image src=\u00bbhttp:\/\/ayuntamientodeubeda.com\/fondosfeder\/wp-content\/uploads\/2019\/09\/lineas.png\u00bb force_fullwidth=\u00bbon\u00bb _builder_version=\u00bb3.19.15&#8243;][\/et_pb_image][\/et_pb_column][\/et_pb_row][et_pb_row _builder_version=\u00bb3.19.15&#8243;][et_pb_column type=\u00bb4_4&#8243; _builder_version=\u00bb3.19.15&#8243;][et_pb_text _builder_version=\u00bb3.19.15&#8243;]<\/p>\n<p><strong><em>1.4 Enlace de descarga <\/em><\/strong><\/p>\n<p>&nbsp;<\/p>\n<p><strong>Principales enlaces relacionados con la EDUSI<\/strong><br \/> <strong>(Estrategias de Desarrollo Urbano Sostenible e Integrado)<\/strong><\/p>\n<p><strong>UNI\u00d3N EUROPEA<\/strong><\/p>\n<ul>\n<li><a href=\"http:\/\/ec.europa.eu\/contracts_grants\/funds_es.htm\">Comisi\u00f3n Europea (informaci\u00f3n sobre FEIE)<\/a><\/li>\n<li><a href=\"http:\/\/ec.europa.eu\/regional_policy\/es\/\">InfoRegio (Pol\u00edtica regional de la UE)<\/a><\/li>\n<li><a href=\"http:\/\/ec.europa.eu\/spain\/index_es.htm\">Comisi\u00f3n Europea (representaci\u00f3n en Espa\u00f1a)<\/a><\/li>\n<li><a href=\"http:\/\/ec.europa.eu\/anti_fraud\/index_es.htm\">Oficina Europea de lucha contra el fraude (OLAF)<\/a><\/li>\n<\/ul>\n<p><strong>ADMINISTRACI\u00d3N GENERAL DEL ESTADO<\/strong><\/p>\n<ul>\n<li><a href=\"http:\/\/www.dgfc.sepg.minhafp.gob.es\/\">Direcci\u00f3n General de Fondos Comunitarios (DGFC) del Ministerio de Hacienda y Administraciones P\u00fablicas<\/a><\/li>\n<li><a href=\"http:\/\/www.empleo.gob.es\/uafse\/es\/index.html\">Unidad Administradora del Fondo Social Europeo (UAFSE) del Ministerio de Trabajo y Asuntos Sociales<\/a><\/li>\n<li><a href=\"http:\/\/www.igae.pap.minhafp.gob.es\/\">Intervenci\u00f3n General de la Administraci\u00f3n del Estado (IGAE)<\/a><\/li>\n<li><a href=\"http:\/\/www.rediniciativasurbanas.es\/\">Red de Iniciativas Urbanas (RIU)<\/a><\/li>\n<li><a href=\"http:\/\/www.seat.mpr.gob.es\/portal\/areas\/politica_local\/coop_econom_local_estado_fondos_europeos\/fondos_europeos\/Periodo_2014-2020\/feder.-pocs.html\">Programa Operativo de Crecimiento Sostenible (POCS)<\/a><\/li>\n<li><a href=\"http:\/\/www.seat.mpr.gob.es\/portal\/areas\/politica_local\/coop_econom_local_estado_fondos_europeos\/fondos_europeos\/Periodo_2014-2020\/feder.-pocs\/Orientaciones-Entidades-DUSI.html\">Entidades DUSI<\/a><\/li>\n<\/ul>\n<p><strong>PLURIRREGIONALES Y NORMATIVA FONDOS<\/strong><\/p>\n<ul>\n<li><a href=\"http:\/\/www.dgfc.sepg.hacienda.gob.es\/sitios\/dgfc\/es-ES\/ipr\/fcp1420\/p\/Prog_Op_Plurirregionales\/Paginas\/inicio.aspx\">Programas operativos Plurirregionales<\/a><\/li>\n<li><a href=\"http:\/\/www.dgfc.sepg.hacienda.gob.es\/sitios\/dgfc\/es-ES\/ipr\/fcp1420\/p\/Prog_Op_Plurirregionales\/Documents\/PO_Plurirregional_de_Espa%C3%B1a-V6.2.pdf\">Programa operativo Plurirregional Espa\u00f1a 2014-2020<\/a><\/li>\n<li><a href=\"http:\/\/www.dgfc.sepg.hacienda.gob.es\/sitios\/dgfc\/es-ES\/ipr\/fcp1420\/Paginas\/Inicio_N.aspx\">Normativa Fondos Comunitarios 2014-2020<\/a><\/li>\n<\/ul>\n<p>&nbsp;<\/p>\n<p><a href=\"http:\/\/ayuntamientodeubeda.com\/fondosfeder\/manual-antifraude\/\"><strong>1.5 Antifraude<\/strong><\/a><\/p>\n<p><strong>&#8211; <a href=\"http:\/\/ayuntamientodeubeda.com\/fondosfeder\/contacto\/\">Canal Denuncia <\/a><\/strong>(Comunicaci\u00f3n de informaci\u00f3n sobre fraudes o irregularidades que afecten a fondos europeos).<\/p>\n<ul>\n<li>Declaraci\u00f3n Institucional Antifraude<\/li>\n<li>Resumen ejercicio de autoevaluaci\u00f3n del riesgo de fraude<\/li>\n<li>Herramienta antifraude<\/li>\n<li>Resoluci\u00f3n de Alcald\u00eda<\/li>\n<\/ul>\n<p>[\/et_pb_text][\/et_pb_column][\/et_pb_row][\/et_pb_section]<\/p>\n ","protected":false},"excerpt":{"rendered":"<p>PROGRAMACI\u00d3N 1.1 Conoce tu EDUSI &#8211; Estrategias DUSI \u00bfQu\u00e9 es una EDUSI? La Estrategia de Desarrollo Urbano Sostenible e Integrado (EDUSI) es documento de planificaci\u00f3n urbana estrat\u00e9gica que persigue definir un modelo de ciudad compartido entre la administraci\u00f3n, los agentes sociales y econ\u00f3micos y la ciudadan\u00eda. El objetivo fundamental de estas estrategias es mejorar la [&hellip;]<\/p>\n","protected":false},"author":2,"featured_media":0,"parent":0,"menu_order":0,"comment_status":"closed","ping_status":"closed","template":"","meta":{"_et_pb_use_builder":"on","_et_pb_old_content":"","_et_gb_content_width":"","footnotes":""},"class_list":["post-545","page","type-page","status-publish","hentry"],"_links":{"self":[{"href":"http:\/\/ayuntamientodeubeda.com\/fondosfeder\/wp-json\/wp\/v2\/pages\/545"}],"collection":[{"href":"http:\/\/ayuntamientodeubeda.com\/fondosfeder\/wp-json\/wp\/v2\/pages"}],"about":[{"href":"http:\/\/ayuntamientodeubeda.com\/fondosfeder\/wp-json\/wp\/v2\/types\/page"}],"author":[{"embeddable":true,"href":"http:\/\/ayuntamientodeubeda.com\/fondosfeder\/wp-json\/wp\/v2\/users\/2"}],"replies":[{"embeddable":true,"href":"http:\/\/ayuntamientodeubeda.com\/fondosfeder\/wp-json\/wp\/v2\/comments?post=545"}],"version-history":[{"count":6,"href":"http:\/\/ayuntamientodeubeda.com\/fondosfeder\/wp-json\/wp\/v2\/pages\/545\/revisions"}],"predecessor-version":[{"id":658,"href":"http:\/\/ayuntamientodeubeda.com\/fondosfeder\/wp-json\/wp\/v2\/pages\/545\/revisions\/658"}],"wp:attachment":[{"href":"http:\/\/ayuntamientodeubeda.com\/fondosfeder\/wp-json\/wp\/v2\/media?parent=545"}],"curies":[{"name":"wp","href":"https:\/\/api.w.org\/{rel}","templated":true}]}}