{"id":555,"date":"2019-09-17T11:04:13","date_gmt":"2019-09-17T09:04:13","guid":{"rendered":"http:\/\/ayuntamientodeubeda.com\/fondosfeder\/?page_id=555"},"modified":"2022-09-28T14:02:54","modified_gmt":"2022-09-28T12:02:54","slug":"gestion-y-seguimiento","status":"publish","type":"page","link":"http:\/\/ayuntamientodeubeda.com\/fondosfeder\/gestion-y-seguimiento\/","title":{"rendered":"Gesti\u00f3n y Seguimiento"},"content":{"rendered":"<p>[et_pb_section fb_built=\u00bb1&#8243; _builder_version=\u00bb3.19.15&#8243;][et_pb_row _builder_version=\u00bb3.19.15&#8243;][et_pb_column type=\u00bb4_4&#8243; _builder_version=\u00bb3.19.15&#8243;][et_pb_text _builder_version=\u00bb3.19.15&#8243;]<\/p>\n<ol start=\"2\">\n<li style=\"text-align: justify;\"><strong> GESTI\u00d3N Y SEGUIMIENTO<\/strong><\/li>\n<\/ol>\n<p style=\"text-align: justify;\"><strong><em>2.1 Estructura de gesti\u00f3n<\/em><\/strong><\/p>\n<ul style=\"text-align: justify;\">\n<li><a href=\"http:\/\/ayuntamientodeubeda.com\/fondosfeder\/manual-de-procedimientos\/\">ANEXO II \u201cAcuerdo de compromiso en materia de asunci\u00f3n de funciones para la gesti\u00f3n FEDER del Ayuntamiento de \u00dabeda.\u00bb<\/a><\/li>\n<li><a href=\"http:\/\/ayuntamientodeubeda.com\/fondosfeder\/manual-antifraude\/\">Descripci\u00f3n de los procedimientos destinados a garantizar medidas antifraude eficaces y proporcionadas.<\/a><\/li>\n<\/ul>\n<p style=\"text-align: justify;\"><a href=\"http:\/\/ayuntamientodeubeda.com\/fondosfeder\/expresiones-de-interes\/\"><strong><em>2.2 Expresiones de inter\u00e9s<\/em><\/strong><\/a><\/p>\n<p style=\"text-align: justify;\"><a href=\"http:\/\/ayuntamientodeubeda.com\/fondosfeder\/wp-content\/uploads\/2020\/11\/OFICIO-Y-1\u00aa-CONVOCATORIA-EOI.pdf\">&#8211; 1\u00aa Convocatoria de Expresiones de Inter\u00e9s.<\/a><\/p>\n<ul>\n<li><a href=\"http:\/\/ayuntamientodeubeda.com\/fondosfeder\/wp-content\/uploads\/2021\/12\/Decreto-de-selecci\u00f3n-de-OPs-L1_L8.pdf\">Decreto de selecci\u00f3n de operaciones LA1 &#8211; LA8<\/a><\/li>\n<li><a href=\"http:\/\/ayuntamientodeubeda.com\/fondosfeder\/wp-content\/uploads\/2021\/12\/Decreto-de-selecci\u00f3n-L9_L10.pdf\">Decreto de selecci\u00f3n de operaciones LA9_LA10<\/a><\/li>\n<\/ul>\n<p><a href=\"http:\/\/ayuntamientodeubeda.com\/fondosfeder\/wp-content\/uploads\/2020\/11\/OFICIO-Y-2\u00aa-CONVOCATORIA-EOI.pdf\">&#8211; 2\u00aa Convocatoria de Expresiones de Inter\u00e9s.<\/a><\/p>\n<ul>\n<li><a href=\"http:\/\/ayuntamientodeubeda.com\/fondosfeder\/wp-content\/uploads\/2021\/12\/DECRETO-SELECCION-DE-EOI.pdf\">Decreto de selecci\u00f3n de operaciones_2\u00aa Convocatoria<\/a><\/li>\n<\/ul>\n<p><a href=\"http:\/\/ayuntamientodeubeda.com\/fondosfeder\/wp-content\/uploads\/2021\/11\/OFICIO-Y-3\u00aa-CONVOCATORIA-EOI-2021.pdf\">&#8211; 3\u00aa Convocatoria de Expresiones de Inter\u00e9s.<\/a><\/p>\n<ul>\n<li><a href=\"http:\/\/ayuntamientodeubeda.com\/fondosfeder\/wp-content\/uploads\/2021\/12\/DECRETO-DE-SELECCI\u00d3N-DE-OPERACIONES_3\u00aa-CONVOCATORIA.pdf\">Decreto de selecci\u00f3n de operaciones_3\u00aa Convocatoria<\/a><\/li>\n<\/ul>\n<p><a href=\"http:\/\/ayuntamientodeubeda.com\/fondosfeder\/wp-content\/uploads\/2022\/09\/IV-Convocatoria-Expresiones-de-Int.pdf\">&#8211; 4\u00aa Convocatoria de Expresiones de Inter\u00e9s.<\/a><\/p>\n<p style=\"text-align: justify;\"><strong><em>2.3 Unidades Ejecutoras<\/em><\/strong><\/p>\n<p style=\"text-align: justify;\"><strong><em>2.4 Operaciones EDUSI<\/em><\/strong><\/p>\n<p style=\"text-align: justify;\">La adecuaci\u00f3n a la Estrategia \u00dabeda-Baeza de los cuatro objetivos transversales (OT) que establece el POCS para el periodo 2014-2020 y que se encuadran dentro de los principios de la planificaci\u00f3n integrada:<\/p>\n<p style=\"text-align: justify;\">Al <strong>Objetivo Tem\u00e1tico 2 (OT2)<\/strong> de mejora del acceso, uso y calidad de las tecnolog\u00edas de la informaci\u00f3n y comunicaci\u00f3n, la Estrategia DUSI UB\/BZ2020 responde integrando las tecnolog\u00edas de la informaci\u00f3n y comunicaci\u00f3n como un instrumento extraordinariamente potente que permitir\u00e1 conocer las demandas de la ciudadan\u00eda gracias a una mejora en los canales de comunicaci\u00f3n con la misma, y que tambi\u00e9n se usar\u00e1 como veh\u00edculo para prestar un servicio m\u00e1s cercano y para luchar contra la exclusi\u00f3n social. A trav\u00e9s de estas herramientas, \u00dabeda y Baeza <strong>mejorar\u00e1n la accesibilidad de la ciudadan\u00eda a los servicios p\u00fablicos, gestionar\u00e1 de forma m\u00e1s inteligente las actividades y servicios que se prestan en el territorio y la conexi\u00f3n entre los mismos y se reaccionar\u00e1 en tiempo real a las incidencias que se produzcan.<\/strong> Las operaciones desarrolladas en el marco de la estrategia de mejora del acceso, uso y calidad de las tecnolog\u00edas de la informaci\u00f3n y comunicaci\u00f3n ser\u00e1n el veh\u00edculo sobre el que este territorio se encamine hacia la ciudad inteligente.<\/p>\n<p style=\"text-align: justify;\">En cuanto al <strong>Objetivo Tem\u00e1tico 4 (OT4)<\/strong> sobre Econom\u00eda baja en Carbono (EBC) se recogen las acciones para moderar el consumo de energ\u00eda. Como se ha demostrado en el diagn\u00f3stico, los componentes del ecosistema natural est\u00e1n estrechamente interrelacionados con los del sistema social, econ\u00f3mico, cultural y pol\u00edtico en este territorio. Por ello el grado de la competitividad y vulnerabilidad en el futuro de \u00dabeda y Baeza, depender\u00e1 de su capacidad para cambiar su situaci\u00f3n actual hacia <strong>un modo de vida y un sistema productivo que requiera un uso menos intensivo de la energ\u00eda y de los recursos no renovables<\/strong>, con una menor generaci\u00f3n de CO2. Es por ello que la Estrategia DUSI UB\/BZ2020 adopta un enfoque hol\u00edstico de los temas medioambientales y energ\u00e9ticos.<\/p>\n<p style=\"text-align: justify;\">Sobre el <strong>Objetivo Tem\u00e1tico 6<\/strong><strong> (OT6)<\/strong> la Estrategia DUSI UB\/BZ2020 promueve <strong>la conservaci\u00f3n y protecci\u00f3n del medio ambiente, el patrimonio y la eficiencia del uso de los recursos del territorio<\/strong>. Las acciones a desarrollar van en la direcci\u00f3n de que entorno urbano sea respetuoso con el medio ambiente y el patrimonio, por tanto, se pondr\u00e1n en marcha acciones que valoricen la autenticidad y los valores naturales, el paisaje, los productos locales extra\u00eddos o elaborados con t\u00e9cnicas tradicionales sostenibles.<\/p>\n<p style=\"text-align: justify;\">Finalmente, el al <strong>Objetivo Tem\u00e1tico 9 (<\/strong><strong>OT9)<\/strong> se concentra en un aspecto clave como la inclusi\u00f3n social y lucha contra la pobreza. La segregaci\u00f3n espacial y econ\u00f3mica como consecuencia de la crisis afecta tambi\u00e9n a \u00dabeda y Baeza y est\u00e1 disminuyendo la cohesi\u00f3n social y aumentando la vulnerabilidad de muchas personas. En esta estrategia <strong>la lucha contra la exclusi\u00f3n espacial y la pobreza energ\u00e9tica pasa por mejorar las viviendas, los espacios p\u00fablicos y fomentar una movilidad sostenible, integradora y saludable<\/strong>. As\u00ed, se apoya la regeneraci\u00f3n de las zonas con necesidades de transformaci\u00f3n de nuestro territorio identificadas en el diagn\u00f3stico, haci\u00e9ndolas tambi\u00e9n m\u00e1s respetuosas con el medio ambiente, m\u00e1s seguras y m\u00e1s competitivas.<\/p>\n<p style=\"text-align: justify;\">Al <strong>OBJETIVO TEM\u00c1TICO 2 (OT2) <\/strong><strong>de <\/strong><strong>mejorar el acceso, el uso y la calidad de las tecnolog\u00edas de la informaci\u00f3n y la comunicaci\u00f3n, <\/strong>la Estrategia DUSI de \u00dabeda y Baeza responde desarrollando un ambicioso programa de inversiones en materia de modernizaci\u00f3n de las infraestructuras de telecomunicaciones en edificios y espacios p\u00fablicos, modernizaci\u00f3n de la administraci\u00f3n electr\u00f3nica local y adaptaci\u00f3n de los servicios p\u00fablicos municipales a las nuevas tecnolog\u00edas y demandas ciudadanas en materia de transparencia y apertura de datos, y finalmente el impulso de productos y aplicaciones digitales, especialmente en aquellos sectores estrat\u00e9gicos para el desarrollo sostenible de \u00dabeda y Baeza, que contribuyan a la transformaci\u00f3n de ambos municipios en ciudades inteligentes.<\/p>\n<p style=\"text-align: justify;\">El fin \u00faltimo de estas medidas es prestar unos servicios p\u00fablicos m\u00e1s cercanos y accesibles al ciudadano mejorar\u00e1n, luchar contra la exclusi\u00f3n social y la brecha digital, gestionar de forma m\u00e1s inteligente los recursos y servicios que se prestan en el territorio y la conexi\u00f3n entre los mismos y reaccionar en tiempo real a las posibles incidencias que se produzcan.<\/p>\n<p style=\"text-align: justify;\">Todos estos objetivos se materializan en dos l\u00edneas de actuaci\u00f3n que ser\u00e1n financiadas con fondos procedentes del Fondo Europeo de Desarrollo Regional (FEDER) en un 80% y con recursos propios de ambos ayuntamientos en un 20%.<\/p>\n<p style=\"text-align: justify;\">Se plantean dos L\u00edneas de Actuaci\u00f3n:<\/p>\n<p style=\"text-align: justify;\"><strong>L.A. 1: Administraci\u00f3n electr\u00f3nica para la mejora del acceso de la ciudadan\u00eda de \u00dabeda y Baeza a su Administraci\u00f3n local <\/strong>por v\u00eda electr\u00f3nica: Infraestructuras tecnol\u00f3gicas y desarrollo de productos tecnol\u00f3gicos de difusi\u00f3n y promoci\u00f3n de la cultura.<\/p>\n<p style=\"text-align: justify;\"><strong>L.A. 2: TIC para la gesti\u00f3n inteligente de \u00dabeda y Baeza<\/strong>, en particular de los servicios p\u00fablicos municipales y tecnolog\u00edas Smart City puestas al servicio de la ciudadan\u00eda, y de la competitividad empresarial.<\/p>\n<p style=\"text-align: justify;\">En cuanto al <strong>OBJETIVO TEM\u00c1TICO 4 (OT4)<\/strong> sobre <strong>Econom\u00eda baja en Carbono<\/strong> se recogen las acciones para moderar el consumo de energ\u00eda. Como se ha demostrado en el diagn\u00f3stico, los componentes del ecosistema natural est\u00e1n estrechamente interrelacionados con los del sistema social, econ\u00f3mico, cultural y pol\u00edtico en este \u00e1mbito de actuaci\u00f3n. Por ello el grado de la competitividad y vulnerabilidad en el futuro de \u00dabeda y Baeza depender\u00e1 de su capacidad para cambiar su situaci\u00f3n actual hacia un modo de vida y un sistema productivo que requiera un uso menos intensivo de la energ\u00eda y de los recursos no renovables, con una menor generaci\u00f3n de CO2. Es por ello que la Estrategia DUSI UB\/BZ2020 adopta un enfoque hol\u00edstico de los temas medioambientales y energ\u00e9ticos. Teniendo en cuenta esa visi\u00f3n, se incorpora, no solo la reducci\u00f3n del consumo de energ\u00edas no renovables, sino que se busca potenciar el uso de sistemas de generaci\u00f3n de energ\u00eda que utilizan combustibles de productos renovables y que adem\u00e1s multiplican la valoraci\u00f3n positiva de los recursos locales procedentes de la biomasa generada por las actividades tradicionales relacionadas con el cultivo del olivar y la producci\u00f3n de aceite.<\/p>\n<p style=\"text-align: justify;\">Todos estos objetivos se materializan en tres l\u00edneas de actuaci\u00f3n que ser\u00e1n financiadas con fondos procedentes del Fondo Europeo de Desarrollo Regional (FEDER) en un 80% y con recursos propios de ambos ayuntamientos en un 20%.<\/p>\n<p style=\"text-align: justify;\">Se plantean tres L\u00edneas de Actuaci\u00f3n:<\/p>\n<p style=\"text-align: justify;\"><strong>L.A. 3:<\/strong> Fomento de la movilidad urbana multimodal sostenible de \u00dabeda y Baeza a trav\u00e9s de modos de transporte \u201cblandos o dulces\u201d: <strong>Red de Movilidad Sostenible<\/strong><strong>.<\/strong><\/p>\n<p style=\"text-align: justify;\"><strong>L.A. 4:<\/strong> Fomento de la movilidad urbana multimodal sostenible de \u00dabeda y Baeza a trav\u00e9s de la mejora del transporte p\u00fablico entre los n\u00facleos de poblaci\u00f3n: <strong>Red de Movilidad Sostenible<\/strong><strong>.<\/strong><\/p>\n<p style=\"text-align: justify;\"><strong>L.A. 5:<\/strong> Mejora de la eficiencia energ\u00e9tica en los n\u00facleos urbanos de \u00dabeda y Baeza: <strong>Red de espacios y servicios por la M\u00ednima Huella Ecol\u00f3gica.<\/strong><\/p>\n<p style=\"text-align: justify;\">Sobre el <strong>OBJETIVO TEM\u00c1TICO 6 (OT6)<\/strong> la Estrategia DUSI UB\/BZ2020 promueve la conservaci\u00f3n y protecci\u00f3n del medio ambiente y la eficiencia del uso de los recursos del \u00e1mbito de actuaci\u00f3n. Las l\u00edneas de actuaci\u00f3n a desarrollar van en la direcci\u00f3n de que el entorno urbano sea respetuoso con el medio ambiente y, por tanto, se pondr\u00e1n en marcha acciones dentro del OT6 en gesti\u00f3n eficiente de recursos y conservaci\u00f3n y fomento del patrimonio natural y cultural.<\/p>\n<p style=\"text-align: justify;\">Todos estos objetivos se materializan en dos l\u00edneas de actuaci\u00f3n que ser\u00e1n financiadas con fondos procedentes del Fondo Europeo de Desarrollo Regional (FEDER) en un 80% y con recursos propios de ambos ayuntamientos en un 20%.<\/p>\n<p style=\"text-align: justify;\">La Estrategia DUSI UB\/BZ2020 responde a la singularidad que supone trabajar en dos lugares que han sido declarados Patrimonio Mundial por la UNESCO y que cuentan con un amplio cat\u00e1logo de edificios y espacios urbanos de alt\u00edsimo valor art\u00edstico, hist\u00f3rico y cultural, desarrollando un conjunto de l\u00edneas de actuaci\u00f3n y objetivos estrat\u00e9gicos que giran en torno a la conservaci\u00f3n, rehabilitaci\u00f3n y puesta en valor del sistema urbano cultural de \u00dabeda y Baeza.\u00a0 Para ello la Estrategia se ve obligada necesariamente a operar de manera diferente a como est\u00e1 previsto dentro del Programa Operativo de Crecimiento Sostenible alterando el reparto asignado cada objetivo espec\u00edfico.\u00a0 La Estrategia establece para este Objetivo Tem\u00e1tico dos L\u00edneas de Actuaci\u00f3n.\u00a0 La primera de ellas destina una partida cercana al 20% (superando por las razones comentadas el 12% que se recomienda) a la conservaci\u00f3n del patrimonio cultural, mientras que la segunda L\u00ednea de Actuaci\u00f3n dedicada a la recuperaci\u00f3n y conservaci\u00f3n de espacios medioambientales llega hasta el 12% de la financiaci\u00f3n.<\/p>\n<p style=\"text-align: justify;\">Se plantean dos L\u00edneas de Actuaci\u00f3n:<\/p>\n<p style=\"text-align: justify;\"><strong>L.A. 6: <\/strong>Regeneraci\u00f3n ambiental y urbana de \u00dabeda y Baeza<strong>: Adecuaci\u00f3n de recorridos urbanos y miradores del Paisaje Cultural de \u00dabeda y Baeza. <\/strong><\/p>\n<p style=\"text-align: justify;\"><strong>L.A. 7: <\/strong>Conservaci\u00f3n, protecci\u00f3n y desarrollo del patrimonio cultural de \u00dabeda y Baeza: <strong>Operaciones de puesta en valor del Paisaje Urbano Cultural de \u00dabeda y Baeza.<\/strong><\/p>\n<p style=\"text-align: justify;\"><strong>\u00a0<\/strong><\/p>\n<p style=\"text-align: justify;\">Finalmente, el al <strong>OBJETIVO TEM\u00c1TICO 9 (<\/strong><strong>OT9)<\/strong> se concentra en un aspecto clave como la inclusi\u00f3n social y lucha contra la pobreza. La segregaci\u00f3n espacial y econ\u00f3mica como consecuencia de la crisis afecta tambi\u00e9n al n\u00facleo urbano de \u00dabeda y Baeza y est\u00e1 impidiendo la cohesi\u00f3n social y aumentando la vulnerabilidad de algunas zonas, en especial de los centros hist\u00f3ricos. En la Estrategia DUSI UB\/BZ2020 la lucha contra la exclusi\u00f3n espacial y la pobreza energ\u00e9tica pasa por mejorar los espacios p\u00fablicos y fomentar un equilibrio entre las funciones que prestan cada parte de nuestras ciudades, en especial los conjuntos hist\u00f3ricos, que, aun siendo Patrimonio Mundial, mantienen algunas \u00e1reas con problemas enquistados que hay que atajar con medidas integradas.<\/p>\n<p style=\"text-align: justify;\">As\u00ed, en nuestra estrategia, se apoya la regeneraci\u00f3n de las zonas con necesidades especiales de transformaci\u00f3n de nuestro territorio, identificadas en el diagn\u00f3stico, mediante medidas integradas y de acci\u00f3n complementaria en lo social, lo f\u00edsico, lo convivencia y lo medioambiental.<\/p>\n<p style=\"text-align: justify;\">Todos estos objetivos se materializan en una \u00fanica de actuaci\u00f3n que ser\u00e1 financiada con fondos procedentes del Fondo Europeo de Desarrollo Regional (FEDER) en un 80% y con recursos propios de ambos ayuntamientos en un 20%.<\/p>\n<p style=\"text-align: justify;\">Se plantea una L\u00ednea de Actuaci\u00f3n:<\/p>\n<p style=\"text-align: justify;\"><strong>L.A. 8: <\/strong>Regeneraci\u00f3n f\u00edsica, econ\u00f3mica y social del entorno urbano de una zona con necesidad de transformaci\u00f3n social a trav\u00e9s de Estrategias Urbanas Integradas: <strong>Regeneraci\u00f3n Urbana de las \u00e1reas con necesidad de transformaci\u00f3n urbana y social y revitalizaci\u00f3n de los centros hist\u00f3ricos de \u00dabeda y Baeza.<\/strong><\/p>\n<p>[\/et_pb_text][\/et_pb_column][\/et_pb_row][et_pb_row _builder_version=\u00bb3.19.15&#8243;][et_pb_column type=\u00bb4_4&#8243; _builder_version=\u00bb3.19.15&#8243;][et_pb_image src=\u00bbhttp:\/\/ayuntamientodeubeda.com\/fondosfeder\/wp-content\/uploads\/2019\/09\/lineas-2.png\u00bb force_fullwidth=\u00bbon\u00bb _builder_version=\u00bb3.19.15&#8243;][\/et_pb_image][\/et_pb_column][\/et_pb_row][et_pb_row _builder_version=\u00bb3.19.15&#8243;][et_pb_column type=\u00bb4_4&#8243; _builder_version=\u00bb3.19.15&#8243;][et_pb_text _builder_version=\u00bb3.19.15&#8243;]<\/p>\n<p><a href=\"https:\/\/sede.ubeda.es\/GDCarpetaCiudadano\/PerfilContratante.do?action=verPublicaciones\" target=\"_blank\" rel=\"noopener noreferrer\"><strong><em>2.5 Sede electr\u00f3nica. Perfil del contratante<\/em><\/strong><\/a><\/p>\n<p>[\/et_pb_text][\/et_pb_column][\/et_pb_row][\/et_pb_section]<\/p>\n ","protected":false},"excerpt":{"rendered":"<p>GESTI\u00d3N Y SEGUIMIENTO 2.1 Estructura de gesti\u00f3n ANEXO II \u201cAcuerdo de compromiso en materia de asunci\u00f3n de funciones para la gesti\u00f3n FEDER del Ayuntamiento de \u00dabeda.\u00bb Descripci\u00f3n de los procedimientos destinados a garantizar medidas antifraude eficaces y proporcionadas. 2.2 Expresiones de inter\u00e9s &#8211; 1\u00aa Convocatoria de Expresiones de Inter\u00e9s. Decreto de selecci\u00f3n de operaciones LA1 [&hellip;]<\/p>\n","protected":false},"author":2,"featured_media":0,"parent":0,"menu_order":0,"comment_status":"closed","ping_status":"closed","template":"","meta":{"_et_pb_use_builder":"on","_et_pb_old_content":"","_et_gb_content_width":"","footnotes":""},"class_list":["post-555","page","type-page","status-publish","hentry"],"_links":{"self":[{"href":"http:\/\/ayuntamientodeubeda.com\/fondosfeder\/wp-json\/wp\/v2\/pages\/555"}],"collection":[{"href":"http:\/\/ayuntamientodeubeda.com\/fondosfeder\/wp-json\/wp\/v2\/pages"}],"about":[{"href":"http:\/\/ayuntamientodeubeda.com\/fondosfeder\/wp-json\/wp\/v2\/types\/page"}],"author":[{"embeddable":true,"href":"http:\/\/ayuntamientodeubeda.com\/fondosfeder\/wp-json\/wp\/v2\/users\/2"}],"replies":[{"embeddable":true,"href":"http:\/\/ayuntamientodeubeda.com\/fondosfeder\/wp-json\/wp\/v2\/comments?post=555"}],"version-history":[{"count":14,"href":"http:\/\/ayuntamientodeubeda.com\/fondosfeder\/wp-json\/wp\/v2\/pages\/555\/revisions"}],"predecessor-version":[{"id":1174,"href":"http:\/\/ayuntamientodeubeda.com\/fondosfeder\/wp-json\/wp\/v2\/pages\/555\/revisions\/1174"}],"wp:attachment":[{"href":"http:\/\/ayuntamientodeubeda.com\/fondosfeder\/wp-json\/wp\/v2\/media?parent=555"}],"curies":[{"name":"wp","href":"https:\/\/api.w.org\/{rel}","templated":true}]}}