{"id":2,"date":"2017-07-04T12:58:03","date_gmt":"2017-07-04T12:58:03","guid":{"rendered":"http:\/\/ayuntamientodeubeda.com\/memoriaviva\/?page_id=2"},"modified":"2018-03-23T12:16:36","modified_gmt":"2018-03-23T11:16:36","slug":"pagina-ejemplo","status":"publish","type":"page","link":"http:\/\/ayuntamientodeubeda.com\/memoriaviva\/","title":{"rendered":"Inicio"},"content":{"rendered":"<p>[et_pb_section admin_label=\u00bbSecci\u00f3n\u00bb fullwidth=\u00bbon\u00bb specialty=\u00bboff\u00bb][et_pb_fullwidth_image admin_label=\u00bbImagen de anchura completa\u00bb src=\u00bbhttp:\/\/ayuntamientodeubeda.com\/memoriaviva\/wp-content\/uploads\/2017\/07\/collage.png\u00bb show_in_lightbox=\u00bboff\u00bb url_new_window=\u00bboff\u00bb use_overlay=\u00bboff\u00bb animation=\u00bbleft\u00bb use_border_color=\u00bboff\u00bb border_color=\u00bb#ffffff\u00bb border_style=\u00bbsolid\u00bb] [\/et_pb_fullwidth_image][\/et_pb_section][et_pb_section admin_label=\u00bbSecci\u00f3n\u00bb fullwidth=\u00bboff\u00bb specialty=\u00bboff\u00bb][et_pb_row admin_label=\u00bbFila\u00bb][et_pb_column type=\u00bb3_4&#8243;][et_pb_text admin_label=\u00bbTexto\u00bb background_layout=\u00bblight\u00bb text_orientation=\u00bbleft\u00bb use_border_color=\u00bboff\u00bb border_color=\u00bb#ffffff\u00bb border_style=\u00bbsolid\u00bb header_font=\u00bbSource Sans Pro||||\u00bb text_font=\u00bbSource Sans Pro||||\u00bb text_font_size=\u00bb20&#8243;]<\/p>\n<h2>Os comentamos el Proyecto \u00abMemoria Viva de \u00dabeda\u00bb<\/h2>\n<p style=\"text-align: left;\">Como Concejala de Mayores, espero que disfruten de este nuevo servicio para ayudar a que se conserve\u00a0la memoria de nuestros mayores. Al envejecer suelen perder informaci\u00f3n de eventos ya vividos, gracias a este proyecto, reflejado en la web, esperamos conseguir que esta informaci\u00f3n sea difundida a la ciudadan\u00eda y sea almacenada por los mayores y sus familiares. A la vez nuestra intenci\u00f3n es que se facilite un espacio de encuentro e intercambio de experiencias y se produzca la sensibilizaci\u00f3n de las generaciones venideras ante la importante aportaci\u00f3n de nuestros mayores al desarrollo social.<\/p>\n<p><iframe loading=\"lazy\" width=\"1080\" height=\"400\" scrolling=\"no\" frameborder=\"no\" src=\"https:\/\/w.soundcloud.com\/player\/?visual=true&#038;url=https%3A%2F%2Fapi.soundcloud.com%2Ftracks%2F343356379&#038;show_artwork=true&#038;maxwidth=1080&#038;maxheight=1000\"><\/iframe><\/p>\n<h4 style=\"text-align: right;\">Magdalena Urrutia Hidalgo, Concejala de Mayores.<\/h4>\n<p>[\/et_pb_text][\/et_pb_column][et_pb_column type=\u00bb1_4&#8243;][et_pb_image admin_label=\u00bbImagen\u00bb src=\u00bbhttp:\/\/ayuntamientodeubeda.com\/memoriaviva\/wp-content\/uploads\/2017\/07\/magdalena.png\u00bb show_in_lightbox=\u00bboff\u00bb url_new_window=\u00bboff\u00bb use_overlay=\u00bboff\u00bb animation=\u00bbleft\u00bb sticky=\u00bboff\u00bb align=\u00bbleft\u00bb force_fullwidth=\u00bboff\u00bb always_center_on_mobile=\u00bbon\u00bb use_border_color=\u00bboff\u00bb border_color=\u00bb#ffffff\u00bb border_style=\u00bbsolid\u00bb] [\/et_pb_image][\/et_pb_column][\/et_pb_row][\/et_pb_section][et_pb_section admin_label=\u00bbSecci\u00f3n\u00bb fullwidth=\u00bboff\u00bb specialty=\u00bboff\u00bb][et_pb_row admin_label=\u00bbFila\u00bb make_fullwidth=\u00bboff\u00bb use_custom_width=\u00bboff\u00bb width_unit=\u00bbon\u00bb use_custom_gutter=\u00bboff\u00bb padding_mobile=\u00bboff\u00bb allow_player_pause=\u00bboff\u00bb parallax=\u00bboff\u00bb parallax_method=\u00bboff\u00bb make_equal=\u00bboff\u00bb parallax_1=\u00bboff\u00bb parallax_method_1=\u00bboff\u00bb parallax_2=\u00bboff\u00bb parallax_method_2=\u00bboff\u00bb parallax_3=\u00bboff\u00bb parallax_method_3=\u00bboff\u00bb column_padding_mobile=\u00bbon\u00bb][et_pb_column type=\u00bb1_3&#8243;][et_pb_image admin_label=\u00bbImagen\u00bb src=\u00bbhttp:\/\/ayuntamientodeubeda.com\/memoriaviva\/wp-content\/uploads\/2017\/07\/escudo.png\u00bb show_in_lightbox=\u00bboff\u00bb url_new_window=\u00bboff\u00bb use_overlay=\u00bboff\u00bb animation=\u00bbleft\u00bb sticky=\u00bboff\u00bb align=\u00bbright\u00bb force_fullwidth=\u00bboff\u00bb always_center_on_mobile=\u00bbon\u00bb use_border_color=\u00bboff\u00bb border_color=\u00bb#ffffff\u00bb border_style=\u00bbsolid\u00bb max_width=\u00bb120px\u00bb] [\/et_pb_image][\/et_pb_column][et_pb_column type=\u00bb1_3&#8243;][et_pb_blurb admin_label=\u00bbAnuncio\u00bb url_new_window=\u00bboff\u00bb use_icon=\u00bboff\u00bb icon_color=\u00bb#7EBEC5&#8243; use_circle=\u00bboff\u00bb circle_color=\u00bb#7EBEC5&#8243; use_circle_border=\u00bboff\u00bb circle_border_color=\u00bb#7EBEC5&#8243; icon_placement=\u00bbtop\u00bb animation=\u00bbtop\u00bb background_layout=\u00bblight\u00bb text_orientation=\u00bbleft\u00bb use_icon_font_size=\u00bboff\u00bb use_border_color=\u00bboff\u00bb border_color=\u00bb#ffffff\u00bb border_style=\u00bbsolid\u00bb]<\/p>\n<p style=\"text-align: center;\">AYUNTAMIENTO DE \u00daBEDA<br \/>\nCONCEJAL\u00cdA DE MAYORES<\/p>\n<p>[\/et_pb_blurb][et_pb_slider admin_label=\u00bbDeslizador\u00bb show_arrows=\u00bbon\u00bb show_pagination=\u00bbon\u00bb auto=\u00bbon\u00bb auto_ignore_hover=\u00bboff\u00bb parallax=\u00bboff\u00bb parallax_method=\u00bboff\u00bb remove_inner_shadow=\u00bboff\u00bb background_position=\u00bbdefault\u00bb background_size=\u00bbdefault\u00bb hide_content_on_mobile=\u00bboff\u00bb hide_cta_on_mobile=\u00bboff\u00bb show_image_video_mobile=\u00bboff\u00bb custom_button=\u00bboff\u00bb button_letter_spacing=\u00bb0&#8243; button_use_icon=\u00bbdefault\u00bb button_icon_placement=\u00bbright\u00bb button_on_hover=\u00bbon\u00bb button_letter_spacing_hover=\u00bb0&#8243;] [et_pb_slide background_image=\u00bbhttp:\/\/ayuntamientodeubeda.com\/memoriaviva\/wp-content\/uploads\/2017\/07\/logo-15-a\u00f1os.png\u00bb background_position=\u00bbdefault\u00bb background_size=\u00bbdefault\u00bb background_color=\u00bb#ffffff\u00bb use_bg_overlay=\u00bboff\u00bb use_text_overlay=\u00bboff\u00bb alignment=\u00bbcenter\u00bb background_layout=\u00bbdark\u00bb allow_player_pause=\u00bboff\u00bb text_border_radius=\u00bb3&#8243; header_font_select=\u00bbdefault\u00bb header_font=\u00bb||||\u00bb body_font_select=\u00bbdefault\u00bb body_font=\u00bb||||\u00bb custom_button=\u00bboff\u00bb button_font_select=\u00bbdefault\u00bb button_font=\u00bb||||\u00bb button_use_icon=\u00bbdefault\u00bb button_icon_placement=\u00bbright\u00bb button_on_hover=\u00bbon\u00bb] [\/et_pb_slide][et_pb_slide background_image=\u00bbhttp:\/\/ayuntamientodeubeda.com\/memoriaviva\/wp-content\/uploads\/2017\/07\/logo-25-a\u00f1os.png\u00bb background_position=\u00bbdefault\u00bb background_size=\u00bbdefault\u00bb background_color=\u00bb#ffffff\u00bb use_bg_overlay=\u00bboff\u00bb use_text_overlay=\u00bboff\u00bb alignment=\u00bbcenter\u00bb background_layout=\u00bbdark\u00bb allow_player_pause=\u00bboff\u00bb text_border_radius=\u00bb3&#8243; header_font_select=\u00bbdefault\u00bb header_font=\u00bb||||\u00bb body_font_select=\u00bbdefault\u00bb body_font=\u00bb||||\u00bb custom_button=\u00bboff\u00bb button_font_select=\u00bbdefault\u00bb button_font=\u00bb||||\u00bb button_use_icon=\u00bbdefault\u00bb button_icon_placement=\u00bbright\u00bb button_on_hover=\u00bbon\u00bb] [\/et_pb_slide] [\/et_pb_slider][\/et_pb_column][et_pb_column type=\u00bb1_3&#8243;][et_pb_image admin_label=\u00bbImagen\u00bb src=\u00bbhttp:\/\/ayuntamientodeubeda.com\/memoriaviva\/wp-content\/uploads\/2017\/07\/logo-igualdad.jpg\u00bb show_in_lightbox=\u00bboff\u00bb url_new_window=\u00bboff\u00bb use_overlay=\u00bboff\u00bb animation=\u00bbleft\u00bb sticky=\u00bboff\u00bb align=\u00bbleft\u00bb force_fullwidth=\u00bboff\u00bb always_center_on_mobile=\u00bbon\u00bb use_border_color=\u00bboff\u00bb border_color=\u00bb#ffffff\u00bb border_style=\u00bbsolid\u00bb max_width=\u00bb120px\u00bb] [\/et_pb_image][\/et_pb_column][\/et_pb_row][\/et_pb_section]<\/p>\n","protected":false},"excerpt":{"rendered":"<p>Os comentamos el Proyecto \u00abMemoria Viva de \u00dabeda\u00bb Como Concejala de Mayores, espero que disfruten de este nuevo servicio para ayudar a que se conserve\u00a0la memoria de nuestros mayores. Al envejecer suelen perder informaci\u00f3n de eventos ya vividos, gracias a este proyecto, reflejado en la web, esperamos conseguir que esta informaci\u00f3n sea difundida a la [&hellip;]<\/p>\n","protected":false},"author":1,"featured_media":0,"parent":0,"menu_order":0,"comment_status":"closed","ping_status":"open","template":"","meta":{"_et_pb_use_builder":"on","_et_pb_old_content":"","_et_gb_content_width":"","footnotes":""},"class_list":["post-2","page","type-page","status-publish","hentry"],"_links":{"self":[{"href":"http:\/\/ayuntamientodeubeda.com\/memoriaviva\/wp-json\/wp\/v2\/pages\/2"}],"collection":[{"href":"http:\/\/ayuntamientodeubeda.com\/memoriaviva\/wp-json\/wp\/v2\/pages"}],"about":[{"href":"http:\/\/ayuntamientodeubeda.com\/memoriaviva\/wp-json\/wp\/v2\/types\/page"}],"author":[{"embeddable":true,"href":"http:\/\/ayuntamientodeubeda.com\/memoriaviva\/wp-json\/wp\/v2\/users\/1"}],"replies":[{"embeddable":true,"href":"http:\/\/ayuntamientodeubeda.com\/memoriaviva\/wp-json\/wp\/v2\/comments?post=2"}],"version-history":[{"count":25,"href":"http:\/\/ayuntamientodeubeda.com\/memoriaviva\/wp-json\/wp\/v2\/pages\/2\/revisions"}],"predecessor-version":[{"id":394,"href":"http:\/\/ayuntamientodeubeda.com\/memoriaviva\/wp-json\/wp\/v2\/pages\/2\/revisions\/394"}],"wp:attachment":[{"href":"http:\/\/ayuntamientodeubeda.com\/memoriaviva\/wp-json\/wp\/v2\/media?parent=2"}],"curies":[{"name":"wp","href":"https:\/\/api.w.org\/{rel}","templated":true}]}}