{"id":54,"date":"2017-07-05T10:31:44","date_gmt":"2017-07-05T10:31:44","guid":{"rendered":"http:\/\/ayuntamientodeubeda.com\/memoriaviva\/?page_id=54"},"modified":"2017-09-21T13:02:05","modified_gmt":"2017-09-21T11:02:05","slug":"objetivos-del-proyecto","status":"publish","type":"page","link":"http:\/\/ayuntamientodeubeda.com\/memoriaviva\/objetivos-del-proyecto\/","title":{"rendered":"Objetivos del Proyecto"},"content":{"rendered":"<p>[et_pb_section admin_label=\u00bbSecci\u00f3n\u00bb fullwidth=\u00bboff\u00bb specialty=\u00bboff\u00bb][et_pb_row admin_label=\u00bbFila\u00bb global_module=\u00bb195&#8243; make_fullwidth=\u00bboff\u00bb use_custom_width=\u00bboff\u00bb width_unit=\u00bbon\u00bb use_custom_gutter=\u00bboff\u00bb padding_mobile=\u00bboff\u00bb allow_player_pause=\u00bboff\u00bb parallax=\u00bboff\u00bb parallax_method=\u00bboff\u00bb make_equal=\u00bboff\u00bb parallax_1=\u00bboff\u00bb parallax_method_1=\u00bboff\u00bb column_padding_mobile=\u00bbon\u00bb][et_pb_column type=\u00bb4_4&#8243;][et_pb_post_title global_parent=\u00bb195&#8243; admin_label=\u00bbHistorias\u00bb title=\u00bbon\u00bb meta=\u00bboff\u00bb author=\u00bbon\u00bb date=\u00bbon\u00bb categories=\u00bbon\u00bb comments=\u00bbon\u00bb featured_image=\u00bboff\u00bb featured_placement=\u00bbbelow\u00bb parallax_effect=\u00bbon\u00bb parallax_method=\u00bbon\u00bb text_orientation=\u00bbleft\u00bb text_color=\u00bbdark\u00bb text_background=\u00bbon\u00bb text_bg_color=\u00bbrgba(224,153,0,0.72)\u00bb module_bg_color=\u00bbrgba(255,255,255,0)\u00bb title_all_caps=\u00bboff\u00bb use_border_color=\u00bbon\u00bb border_color=\u00bb#000000&#8243; border_style=\u00bbsolid\u00bb title_text_color=\u00bb#ffffff\u00bb title_font_size=\u00bb45px\u00bb] [\/et_pb_post_title][et_pb_image global_parent=\u00bb195&#8243; admin_label=\u00bbImagen\u00bb src=\u00bbhttp:\/\/ayuntamientodeubeda.com\/memoriaviva\/wp-content\/uploads\/2017\/07\/collage.png\u00bb show_in_lightbox=\u00bboff\u00bb url_new_window=\u00bboff\u00bb use_overlay=\u00bboff\u00bb animation=\u00bbleft\u00bb sticky=\u00bboff\u00bb align=\u00bbleft\u00bb force_fullwidth=\u00bboff\u00bb always_center_on_mobile=\u00bbon\u00bb use_border_color=\u00bboff\u00bb border_color=\u00bb#ffffff\u00bb border_style=\u00bbsolid\u00bb] [\/et_pb_image][\/et_pb_column][\/et_pb_row][\/et_pb_section][et_pb_section admin_label=\u00bbSecci\u00f3n\u00bb fullwidth=\u00bboff\u00bb specialty=\u00bboff\u00bb][et_pb_row admin_label=\u00bbFila\u00bb][et_pb_column type=\u00bb4_4&#8243;][et_pb_text admin_label=\u00bbTexto\u00bb background_layout=\u00bblight\u00bb text_orientation=\u00bbleft\u00bb text_font=\u00bbSource Sans Pro||||\u00bb text_font_size=\u00bb20&#8243; use_border_color=\u00bboff\u00bb border_color=\u00bb#ffffff\u00bb border_style=\u00bbsolid\u00bb]<\/p>\n<p>En el marco del Programa de Mayores y en virtud del desarrollo de los objetivos y premisas del impulso de un envejecimiento activo. Desde la Concejal\u00eda de Mayores se propone la iniciativa de generar alternativas de ocio activo y saludable para las personas mayores.<\/p>\n<p>Se persiguen siguientes objetivos:<\/p>\n<p><strong>\u00a0<\/strong><\/p>\n<p><strong>OBJETIVO GENERAL<\/strong><\/p>\n<p>&nbsp;<\/p>\n<p>Fomentar el bienestar social y calidad de vida de las personas mayores mediante la creaci\u00f3n de espacios de encuentro e intercambio de experiencias que posibiliten su desarrollo bio-psico-social y la integraci\u00f3n con su medio y\/o entorno de vida habitual.<\/p>\n<p><strong>\u00a0<\/strong><\/p>\n<p><strong>OBJETIVOS ESPEC\u00cdFICOS<\/strong><\/p>\n<p>&nbsp;<\/p>\n<ul>\n<li>Fomentar la participaci\u00f3n activa de las personas mayores de 65 a\u00f1os en las pol\u00edticas sociales del Ayuntamiento y por ende del municipio.<\/li>\n<li>Recuperar y mantener la memoria hist\u00f3rica de las personas mayores como forma de promover\/visualizar su papel activo en el progreso social de nuestro municipio.<\/li>\n<li>Favorecer la participaci\u00f3n del colectivo de personas mayores en la vida p\u00fablica\/social\/virtual del municipio.<\/li>\n<li>Facilitar el acceso de las personas mayores a las nuevas tecnolog\u00edas como instrumento que impulse su desarrollo bio-psico-social y evite la quiebra digital.<\/li>\n<li>Promocionar el \u201cvalor de las experiencias vitales\u201d de las personas mayores y su enfoque intergeneracional, compartiendo su conocimiento y eventos vitales m\u00e1s significativos con colectivos de todas las edades.<\/li>\n<\/ul>\n<p>&nbsp;<\/p>\n<p><a href='https:\/\/soundcloud.com\/user-839420231\/objetivos-i?in=user-839420231\/sets\/objetivos-y-fases' class='small-button smallblue' target=\"_blank\">Esc\u00fachala<\/a> [\/et_pb_text][\/et_pb_column][\/et_pb_row][\/et_pb_section][et_pb_section admin_label=\u00bbSecci\u00f3n\u00bb fullwidth=\u00bboff\u00bb specialty=\u00bboff\u00bb][et_pb_row admin_label=\u00bbFila\u00bb make_fullwidth=\u00bboff\u00bb use_custom_width=\u00bboff\u00bb width_unit=\u00bbon\u00bb use_custom_gutter=\u00bboff\u00bb padding_mobile=\u00bboff\u00bb allow_player_pause=\u00bboff\u00bb parallax=\u00bboff\u00bb parallax_method=\u00bboff\u00bb make_equal=\u00bboff\u00bb parallax_1=\u00bboff\u00bb parallax_method_1=\u00bboff\u00bb parallax_2=\u00bboff\u00bb parallax_method_2=\u00bboff\u00bb parallax_3=\u00bboff\u00bb parallax_method_3=\u00bboff\u00bb column_padding_mobile=\u00bbon\u00bb][et_pb_column type=\u00bb1_3&#8243;][et_pb_image admin_label=\u00bbImagen\u00bb src=\u00bbhttp:\/\/ayuntamientodeubeda.com\/memoriaviva\/wp-content\/uploads\/2017\/07\/escudo.png\u00bb show_in_lightbox=\u00bboff\u00bb url_new_window=\u00bboff\u00bb use_overlay=\u00bboff\u00bb animation=\u00bbleft\u00bb sticky=\u00bboff\u00bb align=\u00bbright\u00bb force_fullwidth=\u00bboff\u00bb always_center_on_mobile=\u00bbon\u00bb use_border_color=\u00bboff\u00bb border_color=\u00bb#ffffff\u00bb border_style=\u00bbsolid\u00bb max_width=\u00bb120px\u00bb] [\/et_pb_image][\/et_pb_column][et_pb_column type=\u00bb1_3&#8243;][et_pb_blurb admin_label=\u00bbAnuncio\u00bb title=\u00bbAYUNTAMIENTO DE \u00daBEDA\u00bb url_new_window=\u00bboff\u00bb use_icon=\u00bboff\u00bb icon_color=\u00bb#7EBEC5&#8243; use_circle=\u00bboff\u00bb circle_color=\u00bb#7EBEC5&#8243; use_circle_border=\u00bboff\u00bb circle_border_color=\u00bb#7EBEC5&#8243; icon_placement=\u00bbtop\u00bb animation=\u00bbtop\u00bb background_layout=\u00bblight\u00bb text_orientation=\u00bbleft\u00bb use_icon_font_size=\u00bboff\u00bb use_border_color=\u00bboff\u00bb border_color=\u00bb#ffffff\u00bb border_style=\u00bbsolid\u00bb]<\/p>\n<p>CONCEJAL\u00cdA DE MAYORES<\/p>\n<p>[\/et_pb_blurb][\/et_pb_column][et_pb_column type=\u00bb1_3&#8243;][et_pb_image admin_label=\u00bbImagen\u00bb src=\u00bbhttp:\/\/ayuntamientodeubeda.com\/memoriaviva\/wp-content\/uploads\/2017\/07\/logo-igualdad.jpg\u00bb show_in_lightbox=\u00bboff\u00bb url_new_window=\u00bboff\u00bb use_overlay=\u00bboff\u00bb animation=\u00bbleft\u00bb sticky=\u00bboff\u00bb align=\u00bbleft\u00bb force_fullwidth=\u00bboff\u00bb always_center_on_mobile=\u00bbon\u00bb use_border_color=\u00bboff\u00bb border_color=\u00bb#ffffff\u00bb border_style=\u00bbsolid\u00bb max_width=\u00bb120px\u00bb] [\/et_pb_image][\/et_pb_column][\/et_pb_row][\/et_pb_section]<\/p>\n","protected":false},"excerpt":{"rendered":"<p>En el marco del Programa de Mayores y en virtud del desarrollo de los objetivos y premisas del impulso de un envejecimiento activo. Desde la Concejal\u00eda de Mayores se propone la iniciativa de generar alternativas de ocio activo y saludable para las personas mayores. Se persiguen siguientes objetivos: \u00a0 OBJETIVO GENERAL &nbsp; Fomentar el bienestar [&hellip;]<\/p>\n","protected":false},"author":1,"featured_media":0,"parent":0,"menu_order":0,"comment_status":"closed","ping_status":"closed","template":"","meta":{"_et_pb_use_builder":"on","_et_pb_old_content":"","_et_gb_content_width":"","footnotes":""},"class_list":["post-54","page","type-page","status-publish","hentry"],"_links":{"self":[{"href":"http:\/\/ayuntamientodeubeda.com\/memoriaviva\/wp-json\/wp\/v2\/pages\/54"}],"collection":[{"href":"http:\/\/ayuntamientodeubeda.com\/memoriaviva\/wp-json\/wp\/v2\/pages"}],"about":[{"href":"http:\/\/ayuntamientodeubeda.com\/memoriaviva\/wp-json\/wp\/v2\/types\/page"}],"author":[{"embeddable":true,"href":"http:\/\/ayuntamientodeubeda.com\/memoriaviva\/wp-json\/wp\/v2\/users\/1"}],"replies":[{"embeddable":true,"href":"http:\/\/ayuntamientodeubeda.com\/memoriaviva\/wp-json\/wp\/v2\/comments?post=54"}],"version-history":[{"count":45,"href":"http:\/\/ayuntamientodeubeda.com\/memoriaviva\/wp-json\/wp\/v2\/pages\/54\/revisions"}],"predecessor-version":[{"id":302,"href":"http:\/\/ayuntamientodeubeda.com\/memoriaviva\/wp-json\/wp\/v2\/pages\/54\/revisions\/302"}],"wp:attachment":[{"href":"http:\/\/ayuntamientodeubeda.com\/memoriaviva\/wp-json\/wp\/v2\/media?parent=54"}],"curies":[{"name":"wp","href":"https:\/\/api.w.org\/{rel}","templated":true}]}}