{"id":57,"date":"2017-07-05T10:39:50","date_gmt":"2017-07-05T10:39:50","guid":{"rendered":"http:\/\/ayuntamientodeubeda.com\/memoriaviva\/?page_id=57"},"modified":"2017-09-21T12:59:00","modified_gmt":"2017-09-21T10:59:00","slug":"como-inscribirse","status":"publish","type":"page","link":"http:\/\/ayuntamientodeubeda.com\/memoriaviva\/como-inscribirse\/","title":{"rendered":"Fases del proyecto"},"content":{"rendered":"<p>[et_pb_section admin_label=\u00bbSecci\u00f3n\u00bb fullwidth=\u00bboff\u00bb specialty=\u00bboff\u00bb][et_pb_row admin_label=\u00bbFila\u00bb global_module=\u00bb195&#8243; make_fullwidth=\u00bboff\u00bb use_custom_width=\u00bboff\u00bb width_unit=\u00bbon\u00bb use_custom_gutter=\u00bboff\u00bb padding_mobile=\u00bboff\u00bb allow_player_pause=\u00bboff\u00bb parallax=\u00bboff\u00bb parallax_method=\u00bboff\u00bb make_equal=\u00bboff\u00bb parallax_1=\u00bboff\u00bb parallax_method_1=\u00bboff\u00bb column_padding_mobile=\u00bbon\u00bb][et_pb_column type=\u00bb4_4&#8243;][et_pb_post_title global_parent=\u00bb195&#8243; admin_label=\u00bbHistorias\u00bb title=\u00bbon\u00bb meta=\u00bboff\u00bb author=\u00bbon\u00bb date=\u00bbon\u00bb categories=\u00bbon\u00bb comments=\u00bbon\u00bb featured_image=\u00bboff\u00bb featured_placement=\u00bbbelow\u00bb parallax_effect=\u00bbon\u00bb parallax_method=\u00bbon\u00bb text_orientation=\u00bbleft\u00bb text_color=\u00bbdark\u00bb text_background=\u00bbon\u00bb text_bg_color=\u00bbrgba(224,153,0,0.72)\u00bb module_bg_color=\u00bbrgba(255,255,255,0)\u00bb title_all_caps=\u00bboff\u00bb use_border_color=\u00bbon\u00bb border_color=\u00bb#000000&#8243; border_style=\u00bbsolid\u00bb title_text_color=\u00bb#ffffff\u00bb title_font_size=\u00bb45px\u00bb] [\/et_pb_post_title][et_pb_image global_parent=\u00bb195&#8243; admin_label=\u00bbImagen\u00bb src=\u00bbhttp:\/\/ayuntamientodeubeda.com\/memoriaviva\/wp-content\/uploads\/2017\/07\/collage.png\u00bb show_in_lightbox=\u00bboff\u00bb url_new_window=\u00bboff\u00bb use_overlay=\u00bboff\u00bb animation=\u00bbleft\u00bb sticky=\u00bboff\u00bb align=\u00bbleft\u00bb force_fullwidth=\u00bboff\u00bb always_center_on_mobile=\u00bbon\u00bb use_border_color=\u00bboff\u00bb border_color=\u00bb#ffffff\u00bb border_style=\u00bbsolid\u00bb] [\/et_pb_image][\/et_pb_column][\/et_pb_row][\/et_pb_section][et_pb_section admin_label=\u00bbsection\u00bb][et_pb_row admin_label=\u00bbrow\u00bb][et_pb_column type=\u00bb1_3&#8243;][et_pb_blurb admin_label=\u00bbAnuncio\u00bb title=\u00bbConcejal\u00eda de Mayores\u00bb url_new_window=\u00bboff\u00bb use_icon=\u00bboff\u00bb icon_color=\u00bb#7EBEC5&#8243; use_circle=\u00bboff\u00bb circle_color=\u00bb#7EBEC5&#8243; use_circle_border=\u00bboff\u00bb circle_border_color=\u00bb#7EBEC5&#8243; icon_placement=\u00bbtop\u00bb animation=\u00bbtop\u00bb background_layout=\u00bblight\u00bb text_orientation=\u00bbleft\u00bb use_icon_font_size=\u00bboff\u00bb use_border_color=\u00bboff\u00bb border_color=\u00bb#ffffff\u00bb border_style=\u00bbsolid\u00bb body_font_size=\u00bb20&#8243; body_font=\u00bbSource Sans Pro||||\u00bb]<\/p>\n<p>C\/Ariza 1 Bajo<br \/>\nTlfno. 953750440 Ext. 1353<br \/>\nmemoriavivaubeda@gmail.com<\/p>\n<p>[\/et_pb_blurb][\/et_pb_column][et_pb_column type=\u00bb1_3&#8243;][et_pb_blurb admin_label=\u00bbAnuncio\u00bb title=\u00bbCentro Atalaya Alta\u00bb url_new_window=\u00bboff\u00bb use_icon=\u00bboff\u00bb icon_color=\u00bb#7EBEC5&#8243; use_circle=\u00bboff\u00bb circle_color=\u00bb#7EBEC5&#8243; use_circle_border=\u00bboff\u00bb circle_border_color=\u00bb#7EBEC5&#8243; icon_placement=\u00bbtop\u00bb animation=\u00bbtop\u00bb background_layout=\u00bblight\u00bb text_orientation=\u00bbleft\u00bb use_icon_font_size=\u00bboff\u00bb use_border_color=\u00bboff\u00bb border_color=\u00bb#ffffff\u00bb border_style=\u00bbsolid\u00bb body_font_size=\u00bb20&#8243; body_font=\u00bbSource Sans Pro||||\u00bb]<\/p>\n<p>Avda. Constituci\u00f3n n\u00ba 10 bajo<br \/>\n<span style=\"color: #808080;\">Tlfno. 953792594<\/span><br \/>\n<span style=\"color: #808080;\"> atalayaalta@hotmail.es<\/span><\/p>\n<p>[\/et_pb_blurb][\/et_pb_column][et_pb_column type=\u00bb1_3&#8243;][et_pb_blurb admin_label=\u00bbAnuncio\u00bb title=\u00bbCentro de Participaci\u00f3n Activa de Mayores (Junta de Andaluc\u00eda)\u00bb url_new_window=\u00bboff\u00bb use_icon=\u00bboff\u00bb icon_color=\u00bb#7EBEC5&#8243; use_circle=\u00bboff\u00bb circle_color=\u00bb#7EBEC5&#8243; use_circle_border=\u00bboff\u00bb circle_border_color=\u00bb#7EBEC5&#8243; icon_placement=\u00bbtop\u00bb animation=\u00bbtop\u00bb background_layout=\u00bblight\u00bb text_orientation=\u00bbleft\u00bb use_icon_font_size=\u00bboff\u00bb use_border_color=\u00bboff\u00bb border_color=\u00bb#ffffff\u00bb border_style=\u00bbsolid\u00bb body_font=\u00bbSource Sans Pro||||\u00bb body_font_size=\u00bb20&#8243;]<\/p>\n<p>Plaza V\u00e1zquez de Molina, 3<br \/>\nTfno: 953 339 101 &#8211; 953 969 038<\/p>\n<p>[\/et_pb_blurb][\/et_pb_column][\/et_pb_row][\/et_pb_section][et_pb_section admin_label=\u00bbSecci\u00f3n\u00bb fullwidth=\u00bboff\u00bb specialty=\u00bboff\u00bb][et_pb_row admin_label=\u00bbFila\u00bb][et_pb_column type=\u00bb4_4&#8243;][et_pb_tabs admin_label=\u00bbPesta\u00f1as\u00bb use_border_color=\u00bboff\u00bb border_color=\u00bb#ffffff\u00bb border_style=\u00bbsolid\u00bb body_font=\u00bbSource Sans Pro||||\u00bb body_font_size=\u00bb20&#8243;] [et_pb_tab title=\u00bbFASE I\u00bb tab_font_select=\u00bbdefault\u00bb tab_font=\u00bb||||\u00bb tab_line_height=\u00bb2em\u00bb tab_line_height_tablet=\u00bb2em\u00bb tab_line_height_phone=\u00bb2em\u00bb body_font_select=\u00bbdefault\u00bb body_font=\u00bb||||\u00bb body_line_height=\u00bb2em\u00bb body_line_height_tablet=\u00bb2em\u00bb body_line_height_phone=\u00bb2em\u00bb]<\/p>\n<p>Acceso al proyecto mediante la solicitud, previamente firmada por la persona mayor de 65 a\u00f1os. (Disponible en el <strong>Registro Municipal<\/strong>. Palacio del Ayuntamiento. Plaza V\u00e1zquez de Molina S\/N)<\/p>\n<p>Una vez recibida la solicitud se canalizar\u00e1 al t\u00e9cnico\/s\/as responsables, quienes proceder\u00e1n a registrarla en la Base de Datos del Proyecto.<\/p>\n<p>Una vez, registrada la demanda, se proceder\u00e1 a contactar con la persona para explicarle el Proyecto y fijar las entrevistas necesarias (tanto en despacho como en otro lugar accesible: domicilio, u otro lugar que re\u00fana las condiciones para realizar la entrevista).<\/p>\n<p><a href='https:\/\/soundcloud.com\/user-839420231\/fase-1?in=user-839420231\/sets\/objetivos-y-fases' class='small-button smallblue' target=\"_blank\">Esc\u00fachala<\/a>[\/et_pb_tab][et_pb_tab title=\u00bbFASE II\u00bb tab_font_select=\u00bbdefault\u00bb tab_font=\u00bb||||\u00bb tab_line_height=\u00bb2em\u00bb tab_line_height_tablet=\u00bb2em\u00bb tab_line_height_phone=\u00bb2em\u00bb body_font_select=\u00bbdefault\u00bb body_font=\u00bb||||\u00bb body_line_height=\u00bb2em\u00bb body_line_height_tablet=\u00bb2em\u00bb body_line_height_phone=\u00bb2em\u00bb]<\/p>\n<p>Historia de Vida. Una vez pactado el itinerario de recopilaci\u00f3n de la informaci\u00f3n con la persona interesada, se proceder\u00e1 a la aplicaci\u00f3n de la mencionada t\u00e9cnica.<\/p>\n<p>Dicha t\u00e9cnica que podr\u00e1 conllevar entre 3 y 5 entrevistas m\u00e1ximo, se basa en la entrevista semiestructurada, para facilitar la tradici\u00f3n oral en la recopilaci\u00f3n de los eventos vitales de la persona. Se utilizar\u00e1n medios audiovisuales para su recopilaci\u00f3n (previa autorizaci\u00f3n para ello por la persona solicitante).<\/p>\n<p><a href='https:\/\/soundcloud.com\/user-839420231\/fase-2?in=user-839420231\/sets\/objetivos-y-fases' class='small-button smallblue' target=\"_blank\">Esc\u00fachala<\/a>[\/et_pb_tab][et_pb_tab title=\u00bbFASE III\u00bb tab_font_select=\u00bbdefault\u00bb tab_font=\u00bb||||\u00bb tab_line_height=\u00bb2em\u00bb tab_line_height_tablet=\u00bb2em\u00bb tab_line_height_phone=\u00bb2em\u00bb body_font_select=\u00bbdefault\u00bb body_font=\u00bb||||\u00bb body_line_height=\u00bb2em\u00bb body_line_height_tablet=\u00bb2em\u00bb body_line_height_phone=\u00bb2em\u00bb]<\/p>\n<p>Una vez terminada de aplicar la Historia de Vida, se proceder\u00e1 a sistematizar la informaci\u00f3n. Para ello, se transcribir\u00e1 la entrevista oral, y tambi\u00e9n, se sistematizar\u00e1n los documentos de audio, fotos, o v\u00eddeos u otros documentos que la persona aporte y que se consideren t\u00e9cnicamente oportunos y relevantes para colgar en la \u201cnube de la memoria viva\u201d. Esta nube ser\u00e1 el medio o instrumento tecnol\u00f3gico que permitir\u00e1 visionar y acceder al proyecto de forma virtual.<\/p>\n<p>Previo a la publicaci\u00f3n de la Historia de vida en soporte virtual, se facilitar\u00e1 a la persona interesada un borrador para que autorice o no su publicaci\u00f3n.<\/p>\n<p><a href='https:\/\/soundcloud.com\/user-839420231\/fase-3?in=user-839420231\/sets\/objetivos-y-fases' class='small-button smallblue' target=\"_blank\">Esc\u00fachala<\/a>[\/et_pb_tab] [\/et_pb_tabs][\/et_pb_column][\/et_pb_row][et_pb_row admin_label=\u00bbFila\u00bb][et_pb_column type=\u00bb1_4&#8243;][\/et_pb_column][et_pb_column type=\u00bb1_2&#8243;][et_pb_button admin_label=\u00bbBot\u00f3n\u00bb url_new_window=\u00bbon\u00bb button_text=\u00bbAnexo I: Ficha de inscripci\u00f3n\u00bb button_alignment=\u00bbleft\u00bb background_layout=\u00bblight\u00bb custom_button=\u00bboff\u00bb button_letter_spacing=\u00bb0&#8243; button_use_icon=\u00bbdefault\u00bb button_icon_placement=\u00bbright\u00bb button_on_hover=\u00bbon\u00bb button_letter_spacing_hover=\u00bb0&#8243; button_url=\u00bbhttp:\/\/ayuntamientodeubeda.com\/memoriaviva\/wp-content\/uploads\/2017\/08\/a-I-Ficha-de-inscripci\u00f3n.pdf\u00bb] [\/et_pb_button][et_pb_button admin_label=\u00bbBot\u00f3n\u00bb url_new_window=\u00bbon\u00bb button_text=\u00bbAnexo II: Ficha de inscripci\u00f3n (delegaci\u00f3n)\u00bb button_alignment=\u00bbleft\u00bb background_layout=\u00bblight\u00bb custom_button=\u00bboff\u00bb button_letter_spacing=\u00bb0&#8243; button_use_icon=\u00bbdefault\u00bb button_icon_placement=\u00bbright\u00bb button_on_hover=\u00bbon\u00bb button_letter_spacing_hover=\u00bb0&#8243; button_url=\u00bbhttp:\/\/ayuntamientodeubeda.com\/memoriaviva\/wp-content\/uploads\/2017\/08\/a-II-Ficha-de-inscripci\u00f3n-delegado.pdf\u00bb] [\/et_pb_button][et_pb_button admin_label=\u00bbBot\u00f3n\u00bb url_new_window=\u00bbon\u00bb button_text=\u00bbAnexo III: Autorizaci\u00f3n\u00bb button_alignment=\u00bbleft\u00bb background_layout=\u00bblight\u00bb custom_button=\u00bboff\u00bb button_letter_spacing=\u00bb0&#8243; button_use_icon=\u00bbdefault\u00bb button_icon_placement=\u00bbright\u00bb button_on_hover=\u00bbon\u00bb button_letter_spacing_hover=\u00bb0&#8243; button_url=\u00bbhttp:\/\/ayuntamientodeubeda.com\/memoriaviva\/wp-content\/uploads\/2017\/08\/a-III-autorizaci\u00f3n.pdf\u00bb] [\/et_pb_button][\/et_pb_column][et_pb_column type=\u00bb1_4&#8243;][\/et_pb_column][\/et_pb_row][\/et_pb_section][et_pb_section admin_label=\u00bbSecci\u00f3n\u00bb fullwidth=\u00bboff\u00bb specialty=\u00bboff\u00bb][et_pb_row admin_label=\u00bbFila\u00bb make_fullwidth=\u00bboff\u00bb use_custom_width=\u00bboff\u00bb width_unit=\u00bbon\u00bb use_custom_gutter=\u00bboff\u00bb padding_mobile=\u00bboff\u00bb allow_player_pause=\u00bboff\u00bb parallax=\u00bboff\u00bb parallax_method=\u00bboff\u00bb make_equal=\u00bboff\u00bb parallax_1=\u00bboff\u00bb parallax_method_1=\u00bboff\u00bb parallax_2=\u00bboff\u00bb parallax_method_2=\u00bboff\u00bb parallax_3=\u00bboff\u00bb parallax_method_3=\u00bboff\u00bb column_padding_mobile=\u00bbon\u00bb][et_pb_column type=\u00bb1_3&#8243;][et_pb_image admin_label=\u00bbImagen\u00bb src=\u00bbhttp:\/\/ayuntamientodeubeda.com\/memoriaviva\/wp-content\/uploads\/2017\/07\/escudo.png\u00bb show_in_lightbox=\u00bboff\u00bb url_new_window=\u00bboff\u00bb use_overlay=\u00bboff\u00bb animation=\u00bbleft\u00bb sticky=\u00bboff\u00bb align=\u00bbright\u00bb force_fullwidth=\u00bboff\u00bb always_center_on_mobile=\u00bbon\u00bb use_border_color=\u00bboff\u00bb border_color=\u00bb#ffffff\u00bb border_style=\u00bbsolid\u00bb max_width=\u00bb120px\u00bb] [\/et_pb_image][\/et_pb_column][et_pb_column type=\u00bb1_3&#8243;][et_pb_blurb admin_label=\u00bbAnuncio\u00bb title=\u00bbAYUNTAMIENTO DE \u00daBEDA\u00bb url_new_window=\u00bboff\u00bb use_icon=\u00bboff\u00bb icon_color=\u00bb#7EBEC5&#8243; use_circle=\u00bboff\u00bb circle_color=\u00bb#7EBEC5&#8243; use_circle_border=\u00bboff\u00bb circle_border_color=\u00bb#7EBEC5&#8243; icon_placement=\u00bbtop\u00bb animation=\u00bbtop\u00bb background_layout=\u00bblight\u00bb text_orientation=\u00bbleft\u00bb use_icon_font_size=\u00bboff\u00bb use_border_color=\u00bboff\u00bb border_color=\u00bb#ffffff\u00bb border_style=\u00bbsolid\u00bb]<\/p>\n<p>CONCEJAL\u00cdA DE MAYORES<\/p>\n<p>[\/et_pb_blurb][\/et_pb_column][et_pb_column type=\u00bb1_3&#8243;][et_pb_image admin_label=\u00bbImagen\u00bb src=\u00bbhttp:\/\/ayuntamientodeubeda.com\/memoriaviva\/wp-content\/uploads\/2017\/07\/logo-igualdad.jpg\u00bb show_in_lightbox=\u00bboff\u00bb url_new_window=\u00bboff\u00bb use_overlay=\u00bboff\u00bb animation=\u00bbleft\u00bb sticky=\u00bboff\u00bb align=\u00bbleft\u00bb force_fullwidth=\u00bboff\u00bb always_center_on_mobile=\u00bbon\u00bb use_border_color=\u00bboff\u00bb border_color=\u00bb#ffffff\u00bb border_style=\u00bbsolid\u00bb max_width=\u00bb120px\u00bb] [\/et_pb_image][\/et_pb_column][\/et_pb_row][\/et_pb_section]<\/p>\n","protected":false},"excerpt":{"rendered":"<p>C\/Ariza 1 Bajo Tlfno. 953750440 Ext. 1353 memoriavivaubeda@gmail.com Avda. Constituci\u00f3n n\u00ba 10 bajo Tlfno. 953792594 atalayaalta@hotmail.es Plaza V\u00e1zquez de Molina, 3 Tfno: 953 339 101 &#8211; 953 969 038 Acceso al proyecto mediante la solicitud, previamente firmada por la persona mayor de 65 a\u00f1os. (Disponible en el Registro Municipal. Palacio del Ayuntamiento. Plaza V\u00e1zquez de [&hellip;]<\/p>\n","protected":false},"author":1,"featured_media":0,"parent":0,"menu_order":0,"comment_status":"closed","ping_status":"closed","template":"","meta":{"_et_pb_use_builder":"on","_et_pb_old_content":"","_et_gb_content_width":"","footnotes":""},"class_list":["post-57","page","type-page","status-publish","hentry"],"_links":{"self":[{"href":"http:\/\/ayuntamientodeubeda.com\/memoriaviva\/wp-json\/wp\/v2\/pages\/57"}],"collection":[{"href":"http:\/\/ayuntamientodeubeda.com\/memoriaviva\/wp-json\/wp\/v2\/pages"}],"about":[{"href":"http:\/\/ayuntamientodeubeda.com\/memoriaviva\/wp-json\/wp\/v2\/types\/page"}],"author":[{"embeddable":true,"href":"http:\/\/ayuntamientodeubeda.com\/memoriaviva\/wp-json\/wp\/v2\/users\/1"}],"replies":[{"embeddable":true,"href":"http:\/\/ayuntamientodeubeda.com\/memoriaviva\/wp-json\/wp\/v2\/comments?post=57"}],"version-history":[{"count":24,"href":"http:\/\/ayuntamientodeubeda.com\/memoriaviva\/wp-json\/wp\/v2\/pages\/57\/revisions"}],"predecessor-version":[{"id":299,"href":"http:\/\/ayuntamientodeubeda.com\/memoriaviva\/wp-json\/wp\/v2\/pages\/57\/revisions\/299"}],"wp:attachment":[{"href":"http:\/\/ayuntamientodeubeda.com\/memoriaviva\/wp-json\/wp\/v2\/media?parent=57"}],"curies":[{"name":"wp","href":"https:\/\/api.w.org\/{rel}","templated":true}]}}