{"id":580,"date":"2021-12-02T10:05:19","date_gmt":"2021-12-02T09:05:19","guid":{"rendered":"http:\/\/ayuntamientodeubeda.com\/memoriaviva\/?page_id=580"},"modified":"2023-12-22T13:21:59","modified_gmt":"2023-12-22T12:21:59","slug":"fachadasybalcones","status":"publish","type":"page","link":"http:\/\/ayuntamientodeubeda.com\/memoriaviva\/fachadasybalcones\/","title":{"rendered":"Concurso de Fachadas y Balcones"},"content":{"rendered":"<p>[et_pb_section fb_built=\u00bb1&#8243; _builder_version=\u00bb4.16&#8243; global_colors_info=\u00bb{}\u00bb][et_pb_row column_structure=\u00bb1_3,1_3,1_3&#8243; _builder_version=\u00bb4.16&#8243; global_colors_info=\u00bb{}\u00bb][et_pb_column type=\u00bb1_3&#8243; _builder_version=\u00bb4.16&#8243; custom_padding=\u00bb|||\u00bb global_colors_info=\u00bb{}\u00bb custom_padding__hover=\u00bb|||\u00bb][et_pb_image src=\u00bbhttp:\/\/ayuntamientodeubeda.com\/memoriaviva\/wp-content\/uploads\/2023\/11\/CARTEL-IV-CONCURSO-BALCONES-2023-scaled.jpg\u00bb title_text=\u00bbCARTEL IV CONCURSO BALCONES 2023&#8243; align_tablet=\u00bbcenter\u00bb align_phone=\u00bbcenter\u00bb align_last_edited=\u00bbon|desktop\u00bb _builder_version=\u00bb4.23&#8243; global_colors_info=\u00bb{}\u00bb][\/et_pb_image][\/et_pb_column][et_pb_column type=\u00bb1_3&#8243; _builder_version=\u00bb4.16&#8243; custom_padding=\u00bb|||\u00bb global_colors_info=\u00bb{}\u00bb custom_padding__hover=\u00bb|||\u00bb][et_pb_button button_url=\u00bbhttp:\/\/ayuntamientodeubeda.com\/memoriaviva\/wp-content\/uploads\/2023\/11\/06-Bases-IV-Concurso-de-Decoracion-Navidena-de-Fachadas-y-Balcones-2023.pdf\u00bb button_text=\u00bbBases del concurso\u00bb button_alignment=\u00bbcenter\u00bb _builder_version=\u00bb4.23&#8243; custom_button=\u00bbon\u00bb button_text_color=\u00bb#FFFFFF\u00bb button_bg_color=\u00bb#E02B20&#8243; button_border_color=\u00bb#FFFFFF\u00bb button_font=\u00bb||||||||\u00bb button_icon_color=\u00bb#FFFFFF\u00bb background_layout=\u00bbdark\u00bb global_colors_info=\u00bb{}\u00bb][\/et_pb_button][et_pb_button button_url=\u00bbhttp:\/\/ayuntamientodeubeda.com\/memoriaviva\/wp-content\/uploads\/2023\/12\/Decreto-resolucion.pdf\u00bb button_text=\u00bbDecreto &#8211; Resoluci\u00f3n aprobaci\u00f3n concesi\u00f3n de premios 2023&#8243; button_alignment=\u00bbcenter\u00bb disabled_on=\u00bboff|off|off\u00bb _builder_version=\u00bb4.23&#8243; custom_button=\u00bbon\u00bb button_text_color=\u00bb#ffffff\u00bb button_bg_color=\u00bb#E02B20&#8243; button_border_color=\u00bb#000000&#8243; button_font=\u00bb||||||||\u00bb hover_enabled=\u00bb0&#8243; global_colors_info=\u00bb{}\u00bb sticky_enabled=\u00bb0&#8243;][\/et_pb_button][\/et_pb_column][et_pb_column type=\u00bb1_3&#8243; _builder_version=\u00bb4.16&#8243; custom_padding=\u00bb|||\u00bb global_colors_info=\u00bb{}\u00bb custom_padding__hover=\u00bb|||\u00bb][et_pb_button button_url=\u00bbhttp:\/\/ayuntamientodeubeda.com\/memoriaviva\/wp-content\/uploads\/2023\/11\/07-ANEXO.-SOLICITUD-DE-PARTICIPACION.pdf\u00bb button_text=\u00bbModelo de solicitud\u00bb button_alignment=\u00bbcenter\u00bb _builder_version=\u00bb4.23&#8243; custom_button=\u00bbon\u00bb button_text_color=\u00bb#ffffff\u00bb button_bg_color=\u00bb#E02B20&#8243; button_border_color=\u00bb#000000&#8243; button_font=\u00bb||||||||\u00bb global_colors_info=\u00bb{}\u00bb][\/et_pb_button][\/et_pb_column][\/et_pb_row][\/et_pb_section]<\/p>\n","protected":false},"excerpt":{"rendered":"","protected":false},"author":2,"featured_media":0,"parent":0,"menu_order":0,"comment_status":"closed","ping_status":"closed","template":"","meta":{"_et_pb_use_builder":"on","_et_pb_old_content":"","_et_gb_content_width":"","footnotes":""},"class_list":["post-580","page","type-page","status-publish","hentry"],"_links":{"self":[{"href":"http:\/\/ayuntamientodeubeda.com\/memoriaviva\/wp-json\/wp\/v2\/pages\/580"}],"collection":[{"href":"http:\/\/ayuntamientodeubeda.com\/memoriaviva\/wp-json\/wp\/v2\/pages"}],"about":[{"href":"http:\/\/ayuntamientodeubeda.com\/memoriaviva\/wp-json\/wp\/v2\/types\/page"}],"author":[{"embeddable":true,"href":"http:\/\/ayuntamientodeubeda.com\/memoriaviva\/wp-json\/wp\/v2\/users\/2"}],"replies":[{"embeddable":true,"href":"http:\/\/ayuntamientodeubeda.com\/memoriaviva\/wp-json\/wp\/v2\/comments?post=580"}],"version-history":[{"count":22,"href":"http:\/\/ayuntamientodeubeda.com\/memoriaviva\/wp-json\/wp\/v2\/pages\/580\/revisions"}],"predecessor-version":[{"id":748,"href":"http:\/\/ayuntamientodeubeda.com\/memoriaviva\/wp-json\/wp\/v2\/pages\/580\/revisions\/748"}],"wp:attachment":[{"href":"http:\/\/ayuntamientodeubeda.com\/memoriaviva\/wp-json\/wp\/v2\/media?parent=580"}],"curies":[{"name":"wp","href":"https:\/\/api.w.org\/{rel}","templated":true}]}}